{"id":3241,"date":"2023-12-13T11:41:11","date_gmt":"2023-12-13T10:41:11","guid":{"rendered":"https:\/\/hestia-homecare.com\/?page_id=3241"},"modified":"2026-01-16T19:51:14","modified_gmt":"2026-01-16T18:51:14","slug":"proprietaire-dune-residence-secondaire-hors-bordeaux","status":"publish","type":"page","link":"https:\/\/hestia-homecare.com\/index.php\/proprietaire-dune-residence-secondaire-hors-bordeaux\/","title":{"rendered":"Externalisation commerciale"},"content":{"rendered":"\n<div class=\"wp-block-uagb-advanced-heading uagb-block-9b4e855a\"><\/div>\n\n\n\n<div class=\"wp-block-uagb-container uagb-block-a3095fc1 alignfull uagb-is-root-container\"><div class=\"uagb-container-inner-blocks-wrap\">\n<div class=\"wp-block-uagb-info-box uagb-block-edd513e0 uagb-infobox__content-wrap  uagb-infobox-icon-above-title uagb-infobox-image-valign-top\"><div class=\"uagb-ifb-content\"><div class=\"uagb-ifb-title-wrap\"><h1 class=\"uagb-ifb-title\">Confiez-nous la commercialisation de votre domaine. <\/h1><\/div><p class=\"uagb-ifb-desc\">Nous vous apportons notre savoir faire commercial pour optimiser le processus de vente de votre lieu \u00e9v\u00e8nementiel.<\/p><\/div><\/div>\n\n\n\n<div class=\"wp-block-uagb-info-box uagb-block-ab60a351 uagb-infobox__content-wrap  uagb-infobox-icon-left uagb-infobox-left uagb-infobox-image-valign-middle\"><div class=\"uagb-ifb-icon-wrap\"><div class=\"uagb-iconbox-icon-wrap uagb-infobox-shape-circle\"><svg xmlns=\"https:\/\/www.w3.org\/2000\/svg\" viewBox=\"0 0 512 512\"><path d=\"M18.92 351.2l108.5-46.52c12.78-5.531 27.77-1.801 36.45 8.98l44.09 53.82c69.25-34 125.5-90.31 159.5-159.5l-53.81-44.04c-10.75-8.781-14.41-23.69-8.974-36.47l46.51-108.5c6.094-13.91 21.1-21.52 35.79-18.11l100.8 23.25c14.25 3.25 24.22 15.8 24.22 30.46c0 252.3-205.2 457.5-457.5 457.5c-14.67 0-27.18-9.968-30.45-24.22l-23.25-100.8C-2.571 372.4 5.018 357.2 18.92 351.2z\"><\/path><\/svg><\/div><\/div><div class=\"uagb-ifb-content\"><div class=\"uagb-ifb-title-wrap\"><h5 class=\"uagb-ifb-title\">07.45.23.64.19<\/h5><\/div><\/div><\/div>\n<\/div><\/div>\n\n\n\n<div class=\"wp-block-uagb-advanced-heading uagb-block-d6afc42c\"><h6 class=\"uagb-heading-text\">VOS Obligations en tant que proprietaire d&rsquo;une r\u00e9sidence secondaire Hors Bordeaux<\/h6><\/div>\n\n\n\n<div class=\"wp-block-columns is-layout-flex wp-container-core-columns-is-layout-28f84493 wp-block-columns-is-layout-flex\">\n<div class=\"wp-block-column is-layout-flow wp-block-column-is-layout-flow\" style=\"flex-basis:100%\">\n<div class=\"wp-block-uagb-container uagb-block-d497c717 alignfull uagb-is-root-container\"><div class=\"uagb-container-inner-blocks-wrap\">\n<div class=\"wp-block-uagb-container uagb-block-c80286d9\">\n<div class=\"wp-block-uagb-info-box uagb-block-c7578544 uagb-infobox__content-wrap  uagb-infobox-icon-above-title uagb-infobox-image-valign-top\"><div class=\"uagb-ifb-content\"><div class=\"uagb-ifb-title-wrap\"><h2 class=\"uagb-ifb-title\">D\u00e9l\u00e9guez la partie commerciale<\/h2><\/div><p class=\"uagb-ifb-desc\">Que vous ayez besoin d&rsquo;un coup de pouce pour vos ventes ou que vous traversiez une p\u00e9riode charg\u00e9e et ayez du mal \u00e0 g\u00e9rer la situation, Hestia est l\u00e0 pour vous aider\u00a0! Notre service de vente externalis\u00e9 vous offre tout ce dont vous avez besoin pour garantir un positionnement optimal de votre \u00e9tablissement sur le march\u00e9 et un suivi rigoureux de chaque prospect.<\/p><div class=\"uagb-ifb-button-wrapper wp-block-button\"><a href=\"\" target=\"_self\" onclick=\"return false;\" class=\"uagb-infobox-cta-link\" rel=\"noopener noreferrer\" alt=\"\"><span class=\"uagb-inline-editing\"><\/span><\/a><\/div><\/div><\/div>\n\n\n\n<div class=\"wp-block-uagb-container uagb-block-e6a827f9\">\n<div class=\"wp-block-uagb-icon-list uagb-block-8201a78d\"><div class=\"uagb-icon-list__wrap\">\n<div class=\"wp-block-uagb-icon-list-child uagb-block-699c47ca\"><span class=\"uagb-icon-list__source-wrap\"><svg xmlns=\"https:\/\/www.w3.org\/2000\/svg\" viewBox=\"0 0 448 512\"><path d=\"M438.6 105.4C451.1 117.9 451.1 138.1 438.6 150.6L182.6 406.6C170.1 419.1 149.9 419.1 137.4 406.6L9.372 278.6C-3.124 266.1-3.124 245.9 9.372 233.4C21.87 220.9 42.13 220.9 54.63 233.4L159.1 338.7L393.4 105.4C405.9 92.88 426.1 92.88 438.6 105.4H438.6z\"><\/path><\/svg><\/span><span class=\"uagb-icon-list__label\">Augmentation de vos ventes et stabilisation de votre chiffre d&rsquo;affaire <\/span><\/div>\n\n\n\n<div class=\"wp-block-uagb-icon-list-child uagb-block-053676ec\"><span class=\"uagb-icon-list__source-wrap\"><svg xmlns=\"https:\/\/www.w3.org\/2000\/svg\" viewBox=\"0 0 448 512\"><path d=\"M438.6 105.4C451.1 117.9 451.1 138.1 438.6 150.6L182.6 406.6C170.1 419.1 149.9 419.1 137.4 406.6L9.372 278.6C-3.124 266.1-3.124 245.9 9.372 233.4C21.87 220.9 42.13 220.9 54.63 233.4L159.1 338.7L393.4 105.4C405.9 92.88 426.1 92.88 438.6 105.4H438.6z\"><\/path><\/svg><\/span><span class=\"uagb-icon-list__label\">Gagnez du temps et lib\u00e9rez-vous de la partie commerciale <\/span><\/div>\n\n\n\n<div class=\"wp-block-uagb-icon-list-child uagb-block-3b6eacee\"><span class=\"uagb-icon-list__source-wrap\"><svg xmlns=\"https:\/\/www.w3.org\/2000\/svg\" viewBox=\"0 0 512 512\"><path d=\"M256 0C114.6 0 0 114.6 0 256c0 141.4 114.6 256 256 256s256-114.6 256-256C512 114.6 397.4 0 256 0zM406.6 278.6l-103.1 103.1c-12.5 12.5-32.75 12.5-45.25 0s-12.5-32.75 0-45.25L306.8 288H128C110.3 288 96 273.7 96 256s14.31-32 32-32h178.8l-49.38-49.38c-12.5-12.5-12.5-32.75 0-45.25s32.75-12.5 45.25 0l103.1 103.1C414.6 241.3 416 251.1 416 256C416 260.9 414.6 270.7 406.6 278.6z\"><\/path><\/svg><\/span><span class=\"uagb-icon-list__label\">Am\u00e9liorer l&rsquo;exp\u00e9rience de vos clients en proposant un process clair et professionnel <\/span><\/div>\n\n\n\n<div class=\"wp-block-uagb-icon-list-child uagb-block-e60afaee\"><span class=\"uagb-icon-list__source-wrap\"><svg xmlns=\"https:\/\/www.w3.org\/2000\/svg\" viewBox=\"0 0 512 512\"><path d=\"M256 0C114.6 0 0 114.6 0 256c0 141.4 114.6 256 256 256s256-114.6 256-256C512 114.6 397.4 0 256 0zM406.6 278.6l-103.1 103.1c-12.5 12.5-32.75 12.5-45.25 0s-12.5-32.75 0-45.25L306.8 288H128C110.3 288 96 273.7 96 256s14.31-32 32-32h178.8l-49.38-49.38c-12.5-12.5-12.5-32.75 0-45.25s32.75-12.5 45.25 0l103.1 103.1C414.6 241.3 416 251.1 416 256C416 260.9 414.6 270.7 406.6 278.6z\"><\/path><\/svg><\/span><span class=\"uagb-icon-list__label\">\u00c9l\u00e9ment de liste<\/span><\/div>\n<\/div><\/div>\n\n\n\n<div class=\"wp-block-uagb-buttons uagb-buttons__outer-wrap uagb-btn__default-btn uagb-btn-tablet__default-btn uagb-btn-mobile__default-btn uagb-block-61d2803b\"><div class=\"uagb-buttons__wrap uagb-buttons-layout-wrap\">\n<div class=\"wp-block-uagb-buttons-child uagb-buttons__outer-wrap uagb-block-b3484bc1 wp-block-button\"><div class=\"uagb-button__wrapper\"><a class=\"uagb-buttons-repeater wp-block-button__link\" href=\"https:\/\/calendly.com\/hestia_conciergerie\/decouverte\" onclick=\"return true;\" rel=\"follow noopener\" target=\"_self\"><div class=\"uagb-button__link\">En savoir plus<\/div><\/a><\/div><\/div>\n<\/div><\/div>\n<\/div>\n<\/div>\n<\/div><\/div>\n<\/div>\n<\/div>\n\n\n\n<div class=\"wp-block-uagb-container uagb-block-e7e66c9a alignfull uagb-is-root-container\"><div class=\"uagb-container-inner-blocks-wrap\">\n<div class=\"wp-block-uagb-container uagb-block-ca425f2f\">\n<div class=\"wp-block-uagb-info-box uagb-block-00211c05 uagb-infobox__content-wrap  uagb-infobox-icon-above-title uagb-infobox-image-valign-top\"><div class=\"uagb-ifb-content\"><div class=\"uagb-ifb-title-wrap\"><h2 class=\"uagb-ifb-title\">Que proposons-nous ? <\/h2><\/div><p class=\"uagb-ifb-desc\">Externalise votre processus commercial, faites confiance \u00e0 Hestia :<\/p><\/div><\/div>\n\n\n\n<div class=\"wp-block-uagb-container uagb-block-44800d22\">\n<div class=\"wp-block-uagb-icon-list uagb-block-b3883edd\"><div class=\"uagb-icon-list__wrap\">\n<div class=\"wp-block-uagb-icon-list-child uagb-block-72da445b\"><span class=\"uagb-icon-list__source-wrap\"><svg xmlns=\"https:\/\/www.w3.org\/2000\/svg\" viewBox=\"0 0 448 512\"><path d=\"M438.6 105.4C451.1 117.9 451.1 138.1 438.6 150.6L182.6 406.6C170.1 419.1 149.9 419.1 137.4 406.6L9.372 278.6C-3.124 266.1-3.124 245.9 9.372 233.4C21.87 220.9 42.13 220.9 54.63 233.4L159.1 338.7L393.4 105.4C405.9 92.88 426.1 92.88 438.6 105.4H438.6z\"><\/path><\/svg><\/span><span class=\"uagb-icon-list__label\">Gestion des demandes entrantes via vos plateformes de visibilit\u00e9 <\/span><\/div>\n\n\n\n<div class=\"wp-block-uagb-icon-list-child uagb-block-46adf4b0\"><span class=\"uagb-icon-list__source-wrap\"><svg xmlns=\"https:\/\/www.w3.org\/2000\/svg\" viewBox=\"0 0 448 512\"><path d=\"M438.6 105.4C451.1 117.9 451.1 138.1 438.6 150.6L182.6 406.6C170.1 419.1 149.9 419.1 137.4 406.6L9.372 278.6C-3.124 266.1-3.124 245.9 9.372 233.4C21.87 220.9 42.13 220.9 54.63 233.4L159.1 338.7L393.4 105.4C405.9 92.88 426.1 92.88 438.6 105.4H438.6z\"><\/path><\/svg><\/span><span class=\"uagb-icon-list__label\">Qualification des demandes entrantes <\/span><\/div>\n\n\n\n<div class=\"wp-block-uagb-icon-list-child uagb-block-bb71223f\"><span class=\"uagb-icon-list__source-wrap\"><svg xmlns=\"https:\/\/www.w3.org\/2000\/svg\" viewBox=\"0 0 448 512\"><path d=\"M438.6 105.4C451.1 117.9 451.1 138.1 438.6 150.6L182.6 406.6C170.1 419.1 149.9 419.1 137.4 406.6L9.372 278.6C-3.124 266.1-3.124 245.9 9.372 233.4C21.87 220.9 42.13 220.9 54.63 233.4L159.1 338.7L393.4 105.4C405.9 92.88 426.1 92.88 438.6 105.4H438.6z\"><\/path><\/svg><\/span><span class=\"uagb-icon-list__label\">Prise de rendez-vous pour les visites <\/span><\/div>\n\n\n\n<div class=\"wp-block-uagb-icon-list-child uagb-block-73cf4c28\"><span class=\"uagb-icon-list__source-wrap\"><svg xmlns=\"https:\/\/www.w3.org\/2000\/svg\" viewBox=\"0 0 448 512\"><path d=\"M438.6 105.4C451.1 117.9 451.1 138.1 438.6 150.6L182.6 406.6C170.1 419.1 149.9 419.1 137.4 406.6L9.372 278.6C-3.124 266.1-3.124 245.9 9.372 233.4C21.87 220.9 42.13 220.9 54.63 233.4L159.1 338.7L393.4 105.4C405.9 92.88 426.1 92.88 438.6 105.4H438.6z\"><\/path><\/svg><\/span><span class=\"uagb-icon-list__label\">R\u00e9alisation des visites en physique <\/span><\/div>\n\n\n\n<div class=\"wp-block-uagb-icon-list-child uagb-block-6d38840a\"><span class=\"uagb-icon-list__source-wrap\"><svg xmlns=\"https:\/\/www.w3.org\/2000\/svg\" viewBox=\"0 0 448 512\"><path d=\"M438.6 105.4C451.1 117.9 451.1 138.1 438.6 150.6L182.6 406.6C170.1 419.1 149.9 419.1 137.4 406.6L9.372 278.6C-3.124 266.1-3.124 245.9 9.372 233.4C21.87 220.9 42.13 220.9 54.63 233.4L159.1 338.7L393.4 105.4C405.9 92.88 426.1 92.88 438.6 105.4H438.6z\"><\/path><\/svg><\/span><span class=\"uagb-icon-list__label\">Relances et n\u00e9gociations <\/span><\/div>\n\n\n\n<div class=\"wp-block-uagb-icon-list-child uagb-block-4832c636\"><span class=\"uagb-icon-list__source-wrap\"><svg xmlns=\"https:\/\/www.w3.org\/2000\/svg\" viewBox=\"0 0 448 512\"><path d=\"M438.6 105.4C451.1 117.9 451.1 138.1 438.6 150.6L182.6 406.6C170.1 419.1 149.9 419.1 137.4 406.6L9.372 278.6C-3.124 266.1-3.124 245.9 9.372 233.4C21.87 220.9 42.13 220.9 54.63 233.4L159.1 338.7L393.4 105.4C405.9 92.88 426.1 92.88 438.6 105.4H438.6z\"><\/path><\/svg><\/span><span class=\"uagb-icon-list__label\">Signature des contrats <\/span><\/div>\n\n\n\n<div class=\"wp-block-uagb-icon-list-child uagb-block-0bad1cc6\"><span class=\"uagb-icon-list__source-wrap\"><svg xmlns=\"https:\/\/www.w3.org\/2000\/svg\" viewBox=\"0 0 448 512\"><path d=\"M438.6 105.4C451.1 117.9 451.1 138.1 438.6 150.6L182.6 406.6C170.1 419.1 149.9 419.1 137.4 406.6L9.372 278.6C-3.124 266.1-3.124 245.9 9.372 233.4C21.87 220.9 42.13 220.9 54.63 233.4L159.1 338.7L393.4 105.4C405.9 92.88 426.1 92.88 438.6 105.4H438.6z\"><\/path><\/svg><\/span><span class=\"uagb-icon-list__label\">Versements des acomptes <\/span><\/div>\n\n\n\n<div class=\"wp-block-uagb-icon-list-child uagb-block-86b9c134\"><span class=\"uagb-icon-list__source-wrap\"><svg xmlns=\"https:\/\/www.w3.org\/2000\/svg\" viewBox=\"0 0 448 512\"><path d=\"M438.6 105.4C451.1 117.9 451.1 138.1 438.6 150.6L182.6 406.6C170.1 419.1 149.9 419.1 137.4 406.6L9.372 278.6C-3.124 266.1-3.124 245.9 9.372 233.4C21.87 220.9 42.13 220.9 54.63 233.4L159.1 338.7L393.4 105.4C405.9 92.88 426.1 92.88 438.6 105.4H438.6z\"><\/path><\/svg><\/span><span class=\"uagb-icon-list__label\">Suivi post signature <\/span><\/div>\n\n\n\n<div class=\"wp-block-uagb-icon-list-child uagb-block-31670dd4\"><span class=\"uagb-icon-list__source-wrap\"><svg xmlns=\"https:\/\/www.w3.org\/2000\/svg\" viewBox=\"0 0 448 512\"><path d=\"M438.6 105.4C451.1 117.9 451.1 138.1 438.6 150.6L182.6 406.6C170.1 419.1 149.9 419.1 137.4 406.6L9.372 278.6C-3.124 266.1-3.124 245.9 9.372 233.4C21.87 220.9 42.13 220.9 54.63 233.4L159.1 338.7L393.4 105.4C405.9 92.88 426.1 92.88 438.6 105.4H438.6z\"><\/path><\/svg><\/span><span class=\"uagb-icon-list__label\">Coordination et r\u00e9ponses aux questions<\/span><\/div>\n\n\n\n<div class=\"wp-block-uagb-icon-list-child uagb-block-5a9401e8\"><span class=\"uagb-icon-list__source-wrap\"><svg xmlns=\"https:\/\/www.w3.org\/2000\/svg\" viewBox=\"0 0 448 512\"><path d=\"M438.6 105.4C451.1 117.9 451.1 138.1 438.6 150.6L182.6 406.6C170.1 419.1 149.9 419.1 137.4 406.6L9.372 278.6C-3.124 266.1-3.124 245.9 9.372 233.4C21.87 220.9 42.13 220.9 54.63 233.4L159.1 338.7L393.4 105.4C405.9 92.88 426.1 92.88 438.6 105.4H438.6z\"><\/path><\/svg><\/span><span class=\"uagb-icon-list__label\">Pr\u00e9sence le jour J <\/span><\/div>\n<\/div><\/div>\n\n\n\n<div class=\"wp-block-uagb-buttons uagb-buttons__outer-wrap uagb-btn__default-btn uagb-btn-tablet__default-btn uagb-btn-mobile__default-btn uagb-block-16e08414\"><div class=\"uagb-buttons__wrap uagb-buttons-layout-wrap\">\n<div class=\"wp-block-uagb-buttons-child uagb-buttons__outer-wrap uagb-block-cc6a9972 wp-block-button\"><div class=\"uagb-button__wrapper\"><a class=\"uagb-buttons-repeater wp-block-button__link\" href=\"https:\/\/derhy-avocat.com\/location-saisonniere-airbnb\/reglementation-de-la-location-meublee-saisonniere-de-type-airbnb\/?cn-reloaded=1\" onclick=\"return true;\" rel=\"follow noopener\" target=\"_blank\"><div class=\"uagb-button__link\">En savoir plus<\/div><\/a><\/div><\/div>\n<\/div><\/div>\n<\/div>\n<\/div>\n<\/div><\/div>\n\n\n\n<div class=\"wp-block-uagb-image aligncenter uagb-block-a2e0ced6 wp-block-uagb-image--layout-default wp-block-uagb-image--effect-static wp-block-uagb-image--align-center\"><figure class=\"wp-block-uagb-image__figure\"><img decoding=\"async\" srcset=\"https:\/\/hestia-homecare.com\/wp-content\/uploads\/2023\/06\/iStock-1239753049-modified-e1704649283756.png , https:\/\/hestia-homecare.com\/wp-content\/uploads\/2023\/12\/Residence-secondaire-4-questions-a-se-poser-avant-d-acheter-1024x682.jpg 360w\" sizes=\"auto, (max-width: 480px) 150px\" src=\"https:\/\/hestia-homecare.com\/wp-content\/uploads\/2023\/06\/iStock-1239753049-modified-e1704649283756.png\" alt=\"\" class=\"uag-image-2662\" width=\"3\" height=\"3\" title=\"\" loading=\"lazy\"\/><\/figure><\/div>\n\n\n\n<div class=\"wp-block-uagb-advanced-heading uagb-block-43a2cee1\"><h6 class=\"uagb-heading-text\">  Comment \u00e7a fonctionne ? <\/h6><\/div>\n\n\n\n<div class=\"wp-block-uagb-container uagb-block-8af04ab6 alignfull uagb-is-root-container\"><div class=\"uagb-container-inner-blocks-wrap\">\n<div class=\"wp-block-uagb-container uagb-block-029fb487\">\n<div class=\"wp-block-uagb-advanced-heading uagb-block-760a2d8b\"><h2 class=\"uagb-heading-text\">01<\/h2><\/div>\n\n\n\n<div class=\"wp-block-uagb-info-box uagb-block-65cf1469 uagb-infobox__content-wrap  uagb-infobox-icon-above-title uagb-infobox-image-valign-top\"><div class=\"uagb-ifb-content\"><div class=\"uagb-ifb-title-wrap\"><h5 class=\"uagb-ifb-title\">Prise de brief<\/h5><\/div><p class=\"uagb-ifb-desc\">Hestia s&rsquo;adapte \u00e0 votre besoin et vous propose plusieurs offres en fonction de votre besoin commercial.<\/p><\/div><\/div>\n<\/div>\n\n\n\n<div class=\"wp-block-uagb-container uagb-block-4432c9aa\">\n<div class=\"wp-block-uagb-advanced-heading uagb-block-a6912984\"><h2 class=\"uagb-heading-text\">02<\/h2><\/div>\n\n\n\n<div class=\"wp-block-uagb-container uagb-block-0a242e94\">\n<div class=\"wp-block-uagb-info-box uagb-block-8c3f6e5f uagb-infobox__content-wrap  uagb-infobox-icon-above-title uagb-infobox-image-valign-top\"><div class=\"uagb-ifb-content\"><div class=\"uagb-ifb-title-wrap\"><h5 class=\"uagb-ifb-title\">Signature du contrat <\/h5><\/div><p class=\"uagb-ifb-desc\">Hestia est votre partenaire, cela se mat\u00e9rialise par la signature d&rsquo;un contrat. Vous disposez d&rsquo;un test de 3 mois \u00e0 compter de la signature.<\/p><\/div><\/div>\n<\/div>\n<\/div>\n\n\n\n<div class=\"wp-block-uagb-container uagb-block-176892de\">\n<div class=\"wp-block-uagb-advanced-heading uagb-block-abf238f4\"><h2 class=\"uagb-heading-text\">03<\/h2><\/div>\n\n\n\n<div class=\"wp-block-uagb-info-box uagb-block-0418c505 uagb-infobox__content-wrap  uagb-infobox-icon-above-title uagb-infobox-image-valign-top\"><div class=\"uagb-ifb-content\"><div class=\"uagb-ifb-title-wrap\"><h5 class=\"uagb-ifb-title\">Lancement<\/h5><\/div><p class=\"uagb-ifb-desc\">Hestia s&rsquo;occupe de tout : <br>Centralisation des informations li\u00e9es \u00e0 l&rsquo;\u00e9tablissement, r\u00e9cup\u00e9ration de votre historique de contacts, relances&#8230;<\/p><\/div><\/div>\n<\/div>\n<\/div><\/div>\n\n\n\n<div class=\"wp-block-uagb-container uagb-block-f54862a9 alignwide uagb-is-root-container\">\n<div class=\"wp-block-uagb-info-box uagb-block-14b54b18 uagb-infobox__content-wrap  uagb-infobox-icon-above-title uagb-infobox-image-valign-top\"><div class=\"uagb-ifb-content\"><div class=\"uagb-ifb-title-wrap\"><h1 class=\"uagb-ifb-title\">D\u00e9l\u00e9guez votre processus commercial \u00e0 notre \u00e9quipe.<\/h1><\/div><p class=\"uagb-ifb-desc\"><br><a href=\"https:\/\/calendly.com\/gauveletm\/30min?month=2023-06\"><\/a><\/p><\/div><\/div>\n<\/div>\n","protected":false},"excerpt":{"rendered":"<p>VOS Obligations en tant que proprietaire d&rsquo;une r\u00e9sidence secondaire Hors Bordeaux Comment \u00e7a fonctionne ? 01 02 03<\/p>\n","protected":false},"author":1,"featured_media":0,"parent":0,"menu_order":0,"comment_status":"closed","ping_status":"closed","template":"","meta":{"_uag_custom_page_level_css":"","_monsterinsights_skip_tracking":false,"_monsterinsights_sitenote_active":false,"_monsterinsights_sitenote_note":"","_monsterinsights_sitenote_category":0,"site-sidebar-layout":"no-sidebar","site-content-layout":"page-builder","ast-global-header-display":"","ast-banner-title-visibility":"","ast-main-header-display":"","ast-hfb-above-header-display":"","ast-hfb-below-header-display":"","ast-hfb-mobile-header-display":"","site-post-title":"disabled","ast-breadcrumbs-content":"","ast-featured-img":"disabled","footer-sml-layout":"","theme-transparent-header-meta":"enabled","adv-header-id-meta":"","stick-header-meta":"","header-above-stick-meta":"","header-main-stick-meta":"","header-below-stick-meta":"","footnotes":""},"class_list":["post-3241","page","type-page","status-publish","hentry"],"uagb_featured_image_src":{"full":false,"thumbnail":false,"medium":false,"medium_large":false,"large":false,"1536x1536":false,"2048x2048":false,"woocommerce_thumbnail":false,"woocommerce_single":false,"woocommerce_gallery_thumbnail":false},"uagb_author_info":{"display_name":"admin7849","author_link":"https:\/\/hestia-homecare.com\/index.php\/author\/admin7849\/"},"uagb_comment_info":0,"uagb_excerpt":"VOS Obligations en tant que proprietaire d&rsquo;une r\u00e9sidence secondaire Hors Bordeaux Comment \u00e7a fonctionne ? 01 02 03","_links":{"self":[{"href":"https:\/\/hestia-homecare.com\/index.php\/wp-json\/wp\/v2\/pages\/3241","targetHints":{"allow":["GET"]}}],"collection":[{"href":"https:\/\/hestia-homecare.com\/index.php\/wp-json\/wp\/v2\/pages"}],"about":[{"href":"https:\/\/hestia-homecare.com\/index.php\/wp-json\/wp\/v2\/types\/page"}],"author":[{"embeddable":true,"href":"https:\/\/hestia-homecare.com\/index.php\/wp-json\/wp\/v2\/users\/1"}],"replies":[{"embeddable":true,"href":"https:\/\/hestia-homecare.com\/index.php\/wp-json\/wp\/v2\/comments?post=3241"}],"version-history":[{"count":10,"href":"https:\/\/hestia-homecare.com\/index.php\/wp-json\/wp\/v2\/pages\/3241\/revisions"}],"predecessor-version":[{"id":3380,"href":"https:\/\/hestia-homecare.com\/index.php\/wp-json\/wp\/v2\/pages\/3241\/revisions\/3380"}],"wp:attachment":[{"href":"https:\/\/hestia-homecare.com\/index.php\/wp-json\/wp\/v2\/media?parent=3241"}],"curies":[{"name":"wp","href":"https:\/\/api.w.org\/{rel}","templated":true}]}}