{"id":3231,"date":"2023-12-13T11:16:29","date_gmt":"2023-12-13T10:16:29","guid":{"rendered":"https:\/\/hestia-homecare.com\/?page_id=3231"},"modified":"2024-01-07T16:03:49","modified_gmt":"2024-01-07T15:03:49","slug":"proprietaire-residence-principale-hors-bordeaux","status":"publish","type":"page","link":"https:\/\/hestia-homecare.com\/index.php\/proprietaire-residence-principale-hors-bordeaux\/","title":{"rendered":"Propri\u00e9taire de ma r\u00e9sidence principale hors Bordeaux"},"content":{"rendered":"\n<div class=\"wp-block-uagb-advanced-heading uagb-block-863e78c9\"><\/div>\n\n\n\n<div class=\"wp-block-uagb-container uagb-block-f94cf230 alignfull uagb-is-root-container\"><div class=\"uagb-container-inner-blocks-wrap\">\n<div class=\"wp-block-uagb-info-box uagb-block-b965381a uagb-infobox__content-wrap  uagb-infobox-icon-above-title uagb-infobox-image-valign-top\"><div class=\"uagb-ifb-content\"><div class=\"uagb-ifb-title-wrap\"><h1 class=\"uagb-ifb-title\">Confiez-nous votre bien, lib\u00e9rez votre esprit. <\/h1><\/div><p class=\"uagb-ifb-desc\">Nous nous s&rsquo;occupons de votre bien comme si c&rsquo;\u00e9tait le n\u00f4tre. Nous vous conseillons sur la meilleure strat\u00e9gie \u00e0 adopter en fonction de vos besoins.<\/p><\/div><\/div>\n\n\n\n<div class=\"wp-block-uagb-info-box uagb-block-6bdaff74 uagb-infobox__content-wrap  uagb-infobox-icon-left uagb-infobox-left uagb-infobox-image-valign-middle\"><div class=\"uagb-ifb-icon-wrap\"><div class=\"uagb-iconbox-icon-wrap uagb-infobox-shape-circle\"><svg xmlns=\"https:\/\/www.w3.org\/2000\/svg\" viewBox=\"0 0 512 512\"><path d=\"M18.92 351.2l108.5-46.52c12.78-5.531 27.77-1.801 36.45 8.98l44.09 53.82c69.25-34 125.5-90.31 159.5-159.5l-53.81-44.04c-10.75-8.781-14.41-23.69-8.974-36.47l46.51-108.5c6.094-13.91 21.1-21.52 35.79-18.11l100.8 23.25c14.25 3.25 24.22 15.8 24.22 30.46c0 252.3-205.2 457.5-457.5 457.5c-14.67 0-27.18-9.968-30.45-24.22l-23.25-100.8C-2.571 372.4 5.018 357.2 18.92 351.2z\"><\/path><\/svg><\/div><\/div><div class=\"uagb-ifb-content\"><div class=\"uagb-ifb-title-wrap\"><h5 class=\"uagb-ifb-title\">07.45.23.64.19<\/h5><\/div><\/div><\/div>\n<\/div><\/div>\n\n\n\n<div class=\"wp-block-uagb-advanced-heading uagb-block-b93c320d\"><h6 class=\"uagb-heading-text\">VOS Obligations en tant que propri\u00e9taire de votre r\u00e9sidence principale hors Bordeaux <\/h6><\/div>\n\n\n\n<div class=\"wp-block-columns is-layout-flex wp-container-core-columns-is-layout-28f84493 wp-block-columns-is-layout-flex\">\n<div class=\"wp-block-column is-layout-flow wp-block-column-is-layout-flow\" style=\"flex-basis:100%\">\n<div class=\"wp-block-uagb-container uagb-block-45f25010 alignfull uagb-is-root-container\"><div class=\"uagb-container-inner-blocks-wrap\">\n<div class=\"wp-block-uagb-container uagb-block-1ccee44c\">\n<div class=\"wp-block-uagb-info-box uagb-block-affd196e uagb-infobox__content-wrap  uagb-infobox-icon-above-title uagb-infobox-image-valign-top\"><div class=\"uagb-ifb-content\"><div class=\"uagb-ifb-title-wrap\"><h2 class=\"uagb-ifb-title\">Zones tendues et Airbnb<\/h2><\/div><p class=\"uagb-ifb-desc\">Dans les zones tendues comme Bordeaux, Toulouse, Lyon, Paris, les r\u00e8gles sont strictes pour faire de la courte dur\u00e9e sur votre r\u00e9sidence principale.<br> Il faut : <\/p><div class=\"uagb-ifb-button-wrapper wp-block-button\"><a href=\"\" target=\"_self\" onclick=\"return false;\" class=\"uagb-infobox-cta-link\" rel=\"noopener noreferrer\" alt=\"\"><span class=\"uagb-inline-editing\"><\/span><\/a><\/div><\/div><\/div>\n\n\n\n<div class=\"wp-block-uagb-container uagb-block-1b5eb8eb\">\n<div class=\"wp-block-uagb-icon-list uagb-block-256de7c0\"><div class=\"uagb-icon-list__wrap\">\n<div class=\"wp-block-uagb-icon-list-child uagb-block-8444bab9\"><span class=\"uagb-icon-list__source-wrap\"><svg xmlns=\"https:\/\/www.w3.org\/2000\/svg\" viewBox=\"0 0 448 512\"><path d=\"M438.6 105.4C451.1 117.9 451.1 138.1 438.6 150.6L182.6 406.6C170.1 419.1 149.9 419.1 137.4 406.6L9.372 278.6C-3.124 266.1-3.124 245.9 9.372 233.4C21.87 220.9 42.13 220.9 54.63 233.4L159.1 338.7L393.4 105.4C405.9 92.88 426.1 92.88 438.6 105.4H438.6z\"><\/path><\/svg><\/span><span class=\"uagb-icon-list__label\">Respecter la r\u00e8gle des 120 jours de location maximum  \/ an.<\/span><\/div>\n\n\n\n<div class=\"wp-block-uagb-icon-list-child uagb-block-d2c07a25\"><span class=\"uagb-icon-list__source-wrap\"><svg xmlns=\"https:\/\/www.w3.org\/2000\/svg\" viewBox=\"0 0 384 512\"><path d=\"M240.5 224H352C365.3 224 377.3 232.3 381.1 244.7C386.6 257.2 383.1 271.3 373.1 280.1L117.1 504.1C105.8 513.9 89.27 514.7 77.19 505.9C65.1 497.1 60.7 481.1 66.59 467.4L143.5 288H31.1C18.67 288 6.733 279.7 2.044 267.3C-2.645 254.8 .8944 240.7 10.93 231.9L266.9 7.918C278.2-1.92 294.7-2.669 306.8 6.114C318.9 14.9 323.3 30.87 317.4 44.61L240.5 224z\"><\/path><\/svg><\/span><span class=\"uagb-icon-list__label\">Nous vous conseillons donc de privil\u00e9gier la p\u00e9riode estivale pour r\u00e9aliser un maximum de chiffre d&rsquo;affaire.<\/span><\/div>\n<\/div><\/div>\n\n\n\n<div class=\"wp-block-uagb-buttons uagb-buttons__outer-wrap uagb-btn__default-btn uagb-btn-tablet__default-btn uagb-btn-mobile__default-btn uagb-block-32a9b2dd\"><div class=\"uagb-buttons__wrap uagb-buttons-layout-wrap\">\n<div class=\"wp-block-uagb-buttons-child uagb-buttons__outer-wrap uagb-block-9340d82a wp-block-button\"><div class=\"uagb-button__wrapper\"><a class=\"uagb-buttons-repeater wp-block-button__link\" href=\"https:\/\/calendly.com\/hestia_conciergerie\/decouverte\" onclick=\"return true;\" rel=\"follow noopener\" target=\"_self\"><div class=\"uagb-button__link\">En savoir plus<\/div><\/a><\/div><\/div>\n<\/div><\/div>\n<\/div>\n<\/div>\n<\/div><\/div>\n<\/div>\n<\/div>\n\n\n\n<div class=\"wp-block-uagb-container uagb-block-45228efb alignfull uagb-is-root-container\"><div class=\"uagb-container-inner-blocks-wrap\">\n<div class=\"wp-block-uagb-container uagb-block-ac15d27b\">\n<div class=\"wp-block-uagb-info-box uagb-block-6e6564eb uagb-infobox__content-wrap  uagb-infobox-icon-above-title uagb-infobox-image-valign-top\"><div class=\"uagb-ifb-content\"><div class=\"uagb-ifb-title-wrap\"><h2 class=\"uagb-ifb-title\">Une autre solution : le bail mobilit\u00e9 <\/h2><\/div><p class=\"uagb-ifb-desc\">Si vous voulez louer votre bien plus de 120 nuits \/ an il faut passer sur de la location moyenne dur\u00e9e. <br>Comment ? Via le bail mobilit\u00e9 : <br><\/p><\/div><\/div>\n\n\n\n<div class=\"wp-block-uagb-container uagb-block-f2ecf70f\">\n<div class=\"wp-block-uagb-icon-list uagb-block-5172a972\"><div class=\"uagb-icon-list__wrap\">\n<div class=\"wp-block-uagb-icon-list-child uagb-block-49784b7f\"><span class=\"uagb-icon-list__source-wrap\"><svg xmlns=\"https:\/\/www.w3.org\/2000\/svg\" viewBox=\"0 0 448 512\"><path d=\"M438.6 105.4C451.1 117.9 451.1 138.1 438.6 150.6L182.6 406.6C170.1 419.1 149.9 419.1 137.4 406.6L9.372 278.6C-3.124 266.1-3.124 245.9 9.372 233.4C21.87 220.9 42.13 220.9 54.63 233.4L159.1 338.7L393.4 105.4C405.9 92.88 426.1 92.88 438.6 105.4H438.6z\"><\/path><\/svg><\/span><span class=\"uagb-icon-list__label\">Des s\u00e9jours qui durent entre 30 jours et 10 mois maximum<\/span><\/div>\n\n\n\n<div class=\"wp-block-uagb-icon-list-child uagb-block-7f98f8db\"><span class=\"uagb-icon-list__source-wrap\"><svg xmlns=\"https:\/\/www.w3.org\/2000\/svg\" viewBox=\"0 0 448 512\"><path d=\"M438.6 105.4C451.1 117.9 451.1 138.1 438.6 150.6L182.6 406.6C170.1 419.1 149.9 419.1 137.4 406.6L9.372 278.6C-3.124 266.1-3.124 245.9 9.372 233.4C21.87 220.9 42.13 220.9 54.63 233.4L159.1 338.7L393.4 105.4C405.9 92.88 426.1 92.88 438.6 105.4H438.6z\"><\/path><\/svg><\/span><span class=\"uagb-icon-list__label\">La possibilit\u00e9 de faire de la colocation gr\u00e2ce \u00e0 ce bail  et de louer chaque chambre de votre logement <\/span><\/div>\n\n\n\n<div class=\"wp-block-uagb-icon-list-child uagb-block-d5976198\"><span class=\"uagb-icon-list__source-wrap\"><svg xmlns=\"https:\/\/www.w3.org\/2000\/svg\" viewBox=\"0 0 448 512\"><path d=\"M438.6 105.4C451.1 117.9 451.1 138.1 438.6 150.6L182.6 406.6C170.1 419.1 149.9 419.1 137.4 406.6L9.372 278.6C-3.124 266.1-3.124 245.9 9.372 233.4C21.87 220.9 42.13 220.9 54.63 233.4L159.1 338.7L393.4 105.4C405.9 92.88 426.1 92.88 438.6 105.4H438.6z\"><\/path><\/svg><\/span><span class=\"uagb-icon-list__label\">Tous les services associ\u00e9s \u00e0 la courte dur\u00e9e se retrouve sur la moyenne dur\u00e9e : publication des annonces, m\u00e9nage, linge entre les locations&#8230;<\/span><\/div>\n\n\n\n<div class=\"wp-block-uagb-icon-list-child uagb-block-b03a6edb\"><span class=\"uagb-icon-list__source-wrap\"><svg xmlns=\"https:\/\/www.w3.org\/2000\/svg\" viewBox=\"0 0 384 512\"><path d=\"M240.5 224H352C365.3 224 377.3 232.3 381.1 244.7C386.6 257.2 383.1 271.3 373.1 280.1L117.1 504.1C105.8 513.9 89.27 514.7 77.19 505.9C65.1 497.1 60.7 481.1 66.59 467.4L143.5 288H31.1C18.67 288 6.733 279.7 2.044 267.3C-2.645 254.8 .8944 240.7 10.93 231.9L266.9 7.918C278.2-1.92 294.7-2.669 306.8 6.114C318.9 14.9 323.3 30.87 317.4 44.61L240.5 224z\"><\/path><\/svg><\/span><span class=\"uagb-icon-list__label\">Nous vous conseillons de choisir cette option pour la p\u00e9riode hivernale afin de s\u00e9curiser votre CA et pr\u00e9parer la saison d&rsquo;\u00e9t\u00e9. <\/span><\/div>\n<\/div><\/div>\n\n\n\n<div class=\"wp-block-uagb-buttons uagb-buttons__outer-wrap uagb-btn__default-btn uagb-btn-tablet__default-btn uagb-btn-mobile__default-btn uagb-block-08970b2f\"><div class=\"uagb-buttons__wrap uagb-buttons-layout-wrap\">\n<div class=\"wp-block-uagb-buttons-child uagb-buttons__outer-wrap uagb-block-e116dcb9 wp-block-button\"><div class=\"uagb-button__wrapper\"><a class=\"uagb-buttons-repeater wp-block-button__link\" href=\"https:\/\/www.service-public.fr\/particuliers\/vosdroits\/F34759\" onclick=\"return true;\" rel=\"follow noopener\" target=\"_blank\"><div class=\"uagb-button__link\">En savoir plus<\/div><span class=\"uagb-button__icon uagb-button__icon-position-after\"><svg xmlns=\"https:\/\/www.w3.org\/2000\/svg\" viewBox=\"0 0 448 512\"><path d=\"M438.6 278.6l-160 160C272.4 444.9 264.2 448 256 448s-16.38-3.125-22.62-9.375c-12.5-12.5-12.5-32.75 0-45.25L338.8 288H32C14.33 288 .0016 273.7 .0016 256S14.33 224 32 224h306.8l-105.4-105.4c-12.5-12.5-12.5-32.75 0-45.25s32.75-12.5 45.25 0l160 160C451.1 245.9 451.1 266.1 438.6 278.6z\"><\/path><\/svg><\/span><\/a><\/div><\/div>\n<\/div><\/div>\n<\/div>\n<\/div>\n\n\n\n<div class=\"wp-block-uagb-image uagb-block-9632dd07 wp-block-uagb-image--layout-default wp-block-uagb-image--effect-static wp-block-uagb-image--align-none\"><figure class=\"wp-block-uagb-image__figure\"><img decoding=\"async\" srcset=\"https:\/\/hestia-homecare.com\/wp-content\/uploads\/2023\/06\/iStock-1239753049-modified.png \" sizes=\"auto, (max-width: 480px) 150px\" src=\"https:\/\/hestia-homecare.com\/wp-content\/uploads\/2023\/06\/iStock-1239753049-modified.png\" alt=\"\" class=\"uag-image-2662\" width=\"724\" height=\"483\" title=\"\" loading=\"lazy\"\/><\/figure><\/div>\n<\/div><\/div>\n\n\n\n<div class=\"wp-block-uagb-advanced-heading uagb-block-6fe05cb9\"><h6 class=\"uagb-heading-text\">  Comment \u00e7a fonctionne ? <\/h6><\/div>\n\n\n\n<div class=\"wp-block-uagb-container uagb-block-cd3ae05a alignfull uagb-is-root-container\"><div class=\"uagb-container-inner-blocks-wrap\">\n<div class=\"wp-block-uagb-container uagb-block-9e016642\">\n<div class=\"wp-block-uagb-advanced-heading uagb-block-d29c2517\"><h2 class=\"uagb-heading-text\">01<\/h2><\/div>\n\n\n\n<div class=\"wp-block-uagb-info-box uagb-block-70b28098 uagb-infobox__content-wrap  uagb-infobox-icon-above-title uagb-infobox-image-valign-top\"><div class=\"uagb-ifb-content\"><div class=\"uagb-ifb-title-wrap\"><h5 class=\"uagb-ifb-title\">Prise de rendez-vous <\/h5><\/div><p class=\"uagb-ifb-desc\">Nous visitons votre bien pour valider qu&rsquo;il r\u00e9pond aux attentes des voyageurs ou locataires.<\/p><\/div><\/div>\n<\/div>\n\n\n\n<div class=\"wp-block-uagb-container uagb-block-3b64385a\">\n<div class=\"wp-block-uagb-advanced-heading uagb-block-7dc7e6d1\"><h2 class=\"uagb-heading-text\">02<\/h2><\/div>\n\n\n\n<div class=\"wp-block-uagb-container uagb-block-120e3f5b\">\n<div class=\"wp-block-uagb-info-box uagb-block-ef4aeb3a uagb-infobox__content-wrap  uagb-infobox-icon-above-title uagb-infobox-image-valign-top\"><div class=\"uagb-ifb-content\"><div class=\"uagb-ifb-title-wrap\"><h5 class=\"uagb-ifb-title\">Signature du contrat <\/h5><\/div><p class=\"uagb-ifb-desc\">Hestia est votre partenaire, vous disposez d&rsquo;une p\u00e9riode de test de 3 mois \u00e0 compter de la signature.<\/p><\/div><\/div>\n<\/div>\n<\/div>\n\n\n\n<div class=\"wp-block-uagb-container uagb-block-a0ab59f1\">\n<div class=\"wp-block-uagb-advanced-heading uagb-block-b572a484\"><h2 class=\"uagb-heading-text\">03<\/h2><\/div>\n\n\n\n<div class=\"wp-block-uagb-info-box uagb-block-53363dad uagb-infobox__content-wrap  uagb-infobox-icon-above-title uagb-infobox-image-valign-top\"><div class=\"uagb-ifb-content\"><div class=\"uagb-ifb-title-wrap\"><h5 class=\"uagb-ifb-title\">Lancement<\/h5><\/div><p class=\"uagb-ifb-desc\">Hestia s&rsquo;occupe de tout : photos, annonce, optimisation des prix pour la courte dur\u00e9e ou le bail mobilit\u00e9.<\/p><\/div><\/div>\n<\/div>\n<\/div><\/div>\n\n\n\n<div class=\"wp-block-uagb-advanced-heading uagb-block-acdcc27e\"><\/div>\n\n\n\n<div class=\"wp-block-uagb-container uagb-block-65ed82d4 alignwide uagb-is-root-container\">\n<div class=\"wp-block-uagb-info-box uagb-block-a5d1807c uagb-infobox__content-wrap  uagb-infobox-icon-above-title uagb-infobox-image-valign-top\"><div class=\"uagb-ifb-content\"><div class=\"uagb-ifb-image-content\"><img decoding=\"async\" src=\"http:\/\/hestia-homecare.com\/wp-content\/uploads\/2023\/06\/airbnb-89e6d00e1855d47917bf0754ed9c78c3d7869b262d0108de82e9c502f0a0bda5.png\" alt=\"\" width=\"\" height=\"0\" loading=\"lazy\"\/><\/div><div class=\"uagb-ifb-title-wrap\"><h1 class=\"uagb-ifb-title\">Trouver la solution qui s&rsquo;adapte \u00e0 vos ambitions.<\/h1><\/div><p class=\"uagb-ifb-desc\"><br><a href=\"https:\/\/calendly.com\/gauveletm\/30min?month=2023-06\"><\/a><\/p><\/div><\/div>\n<\/div>\n","protected":false},"excerpt":{"rendered":"<p>VOS Obligations en tant que propri\u00e9taire de votre r\u00e9sidence principale hors Bordeaux Comment \u00e7a fonctionne ? 01 02 03<\/p>\n","protected":false},"author":1,"featured_media":0,"parent":0,"menu_order":0,"comment_status":"closed","ping_status":"closed","template":"","meta":{"_uag_custom_page_level_css":"","_monsterinsights_skip_tracking":false,"_monsterinsights_sitenote_active":false,"_monsterinsights_sitenote_note":"","_monsterinsights_sitenote_category":0,"site-sidebar-layout":"no-sidebar","site-content-layout":"page-builder","ast-global-header-display":"","ast-banner-title-visibility":"","ast-main-header-display":"","ast-hfb-above-header-display":"","ast-hfb-below-header-display":"","ast-hfb-mobile-header-display":"","site-post-title":"disabled","ast-breadcrumbs-content":"","ast-featured-img":"disabled","footer-sml-layout":"","theme-transparent-header-meta":"enabled","adv-header-id-meta":"","stick-header-meta":"","header-above-stick-meta":"","header-main-stick-meta":"","header-below-stick-meta":"","footnotes":""},"class_list":["post-3231","page","type-page","status-publish","hentry"],"uagb_featured_image_src":{"full":false,"thumbnail":false,"medium":false,"medium_large":false,"large":false,"1536x1536":false,"2048x2048":false,"woocommerce_thumbnail":false,"woocommerce_single":false,"woocommerce_gallery_thumbnail":false},"uagb_author_info":{"display_name":"admin7849","author_link":"https:\/\/hestia-homecare.com\/index.php\/author\/admin7849\/"},"uagb_comment_info":0,"uagb_excerpt":"VOS Obligations en tant que propri\u00e9taire de votre r\u00e9sidence principale hors Bordeaux Comment \u00e7a fonctionne ? 01 02 03","_links":{"self":[{"href":"https:\/\/hestia-homecare.com\/index.php\/wp-json\/wp\/v2\/pages\/3231","targetHints":{"allow":["GET"]}}],"collection":[{"href":"https:\/\/hestia-homecare.com\/index.php\/wp-json\/wp\/v2\/pages"}],"about":[{"href":"https:\/\/hestia-homecare.com\/index.php\/wp-json\/wp\/v2\/types\/page"}],"author":[{"embeddable":true,"href":"https:\/\/hestia-homecare.com\/index.php\/wp-json\/wp\/v2\/users\/1"}],"replies":[{"embeddable":true,"href":"https:\/\/hestia-homecare.com\/index.php\/wp-json\/wp\/v2\/comments?post=3231"}],"version-history":[{"count":10,"href":"https:\/\/hestia-homecare.com\/index.php\/wp-json\/wp\/v2\/pages\/3231\/revisions"}],"predecessor-version":[{"id":3271,"href":"https:\/\/hestia-homecare.com\/index.php\/wp-json\/wp\/v2\/pages\/3231\/revisions\/3271"}],"wp:attachment":[{"href":"https:\/\/hestia-homecare.com\/index.php\/wp-json\/wp\/v2\/media?parent=3231"}],"curies":[{"name":"wp","href":"https:\/\/api.w.org\/{rel}","templated":true}]}}