{"id":2802,"date":"2023-06-22T14:31:13","date_gmt":"2023-06-22T12:31:13","guid":{"rendered":"https:\/\/hestia-homecare.com\/?page_id=2802"},"modified":"2023-07-26T15:27:34","modified_gmt":"2023-07-26T13:27:34","slug":"sous-location","status":"publish","type":"page","link":"https:\/\/hestia-homecare.com\/index.php\/sous-location\/","title":{"rendered":"Sous location"},"content":{"rendered":"\n<div class=\"wp-block-uagb-advanced-heading uagb-block-ca833f6d\"><h6 class=\"uagb-heading-text\">La Sous location professionnelle <\/h6><\/div>\n\n\n\n<div class=\"wp-block-uagb-container uagb-block-4da7784b alignfull uagb-is-root-container\"><div class=\"uagb-container-inner-blocks-wrap\">\n<div class=\"wp-block-uagb-info-box uagb-block-935b535f uagb-infobox__content-wrap  uagb-infobox-icon-above-title uagb-infobox-image-valign-top\"><div class=\"uagb-ifb-content\"><div class=\"uagb-ifb-title-wrap\"><span class=\"uagb-ifb-title-prefix\">Propri\u00e9taire d&rsquo;un bien locatif sur Bordeaux ? <\/span><h1 class=\"uagb-ifb-title\">Recevez tous les 05 du mois votre loyer  <\/h1><\/div><p class=\"uagb-ifb-desc\">Vous en avez marre de g\u00e9rer le turnover de vos locataires, marre des retards de loyer, vous avez d\u00e9j\u00e0 eu des impay\u00e9s ? HESTIA devient votre locataire et vous garantit le versement du loyer \u00e0 date fixe.<\/p><\/div><\/div>\n\n\n\n<div class=\"wp-block-uagb-info-box uagb-block-cda2b852 uagb-infobox__content-wrap  uagb-infobox-icon-left uagb-infobox-left uagb-infobox-image-valign-middle\"><div class=\"uagb-ifb-icon-wrap\"><div class=\"uagb-iconbox-icon-wrap uagb-infobox-shape-circle\"><svg xmlns=\"https:\/\/www.w3.org\/2000\/svg\" viewBox=\"0 0 512 512\"><path d=\"M18.92 351.2l108.5-46.52c12.78-5.531 27.77-1.801 36.45 8.98l44.09 53.82c69.25-34 125.5-90.31 159.5-159.5l-53.81-44.04c-10.75-8.781-14.41-23.69-8.974-36.47l46.51-108.5c6.094-13.91 21.1-21.52 35.79-18.11l100.8 23.25c14.25 3.25 24.22 15.8 24.22 30.46c0 252.3-205.2 457.5-457.5 457.5c-14.67 0-27.18-9.968-30.45-24.22l-23.25-100.8C-2.571 372.4 5.018 357.2 18.92 351.2z\"><\/path><\/svg><\/div><\/div><div class=\"uagb-ifb-content\"><div class=\"uagb-ifb-title-wrap\"><h5 class=\"uagb-ifb-title\">07.45.23.64.19<\/h5><\/div><\/div><\/div>\n\n\n\n<div class=\"wp-block-uagb-advanced-heading uagb-block-2edabd75\"><\/div>\n\n\n\n<div class=\"wp-block-uagb-container uagb-block-8ebdbfcc\">\n<div class=\"inherit-container-width wp-block-group is-layout-constrained wp-block-group-is-layout-constrained\">\n<div class=\"wp-block-group is-nowrap is-layout-flex wp-container-core-group-is-layout-6c531013 wp-block-group-is-layout-flex\">\n<div class=\"wp-block-uagb-container uagb-block-0978b049\">\n<div class=\"wp-block-uagb-container uagb-block-5da86111\">\n<div class=\"wp-block-uagb-container uagb-block-2ec973c5\">\n<div class=\"wp-block-uagb-image uagb-block-1c2f4e17 wp-block-uagb-image--layout-default wp-block-uagb-image--effect-static wp-block-uagb-image--align-none\"><figure class=\"wp-block-uagb-image__figure\"><img decoding=\"async\" srcset=\"https:\/\/hestia-homecare.com\/wp-content\/uploads\/2023\/06\/Quai-dOrsay-large-studio-9920039024963-1-1024x769.jpg \" sizes=\"auto, (max-width: 480px) 150px\" src=\"https:\/\/hestia-homecare.com\/wp-content\/uploads\/2023\/06\/Quai-dOrsay-large-studio-9920039024963-1-1024x769.jpg\" alt=\"\" class=\"uag-image-2697\" width=\"560\" height=\"421\" title=\"\" loading=\"lazy\"\/><\/figure><\/div>\n<\/div>\n\n\n\n<div class=\"wp-block-uagb-container uagb-block-6c787b06\">\n<div class=\"wp-block-uagb-advanced-heading uagb-block-18b38b77\"><h3 class=\"uagb-heading-text\">Quels sont les avantages pour un propri\u00e9taire sur Bordeaux ?<br> <\/h3><p class=\"uagb-desc-text\">1\/ Un bien entretenu toute l&rsquo;ann\u00e9e par nos \u00e9quipes (m\u00e9nages, r\u00e9parations&#8230;) <br>2\/ La possibilit\u00e9 de mettre fin \u00e0 notre collaboration plus facilement qu&rsquo;avec un locataire classique <br>3\/ Un loyer r\u00e9gl\u00e9 tous les 05 du mois sans fautes <br>4\/ Plus de turnover \u00e0 g\u00e9rer <br>5\/ Une rentabilit\u00e9 maximis\u00e9e en limitant les risques <\/p><\/div>\n\n\n\n<p><\/p>\n<\/div>\n<\/div>\n<\/div>\n<\/div>\n<\/div>\n<\/div>\n\n\n\n<div class=\"wp-block-uagb-advanced-heading uagb-block-132d426d\"><h6 class=\"uagb-heading-text\">LES \u00c9TAPES &#8211; Un processus simple 100% gagnant &#8211; Gagnant<\/h6><\/div>\n\n\n\n<div class=\"wp-block-uagb-container uagb-block-619f43d4\">\n<div class=\"wp-block-uagb-container uagb-block-19d5ffaf\">\n<div class=\"wp-block-uagb-advanced-heading uagb-block-ffa26526\"><h2 class=\"uagb-heading-text\">01<\/h2><\/div>\n\n\n\n<div class=\"wp-block-uagb-info-box uagb-block-0ad1925f uagb-infobox__content-wrap  uagb-infobox-icon-above-title uagb-infobox-image-valign-top\"><div class=\"uagb-ifb-content\"><div class=\"uagb-ifb-title-wrap\"><h5 class=\"uagb-ifb-title\">Prise de rendez-vous <\/h5><\/div><p class=\"uagb-ifb-desc\">Remplissez le formulaire en ligne.<br>HESTIA vous rappelle et organise une rapide visite de votre logement.<\/p><\/div><\/div>\n<\/div>\n\n\n\n<div class=\"wp-block-uagb-container uagb-block-3d97b167\">\n<div class=\"wp-block-uagb-advanced-heading uagb-block-376c0b78\"><h2 class=\"uagb-heading-text\">02<\/h2><\/div>\n\n\n\n<div class=\"wp-block-uagb-info-box uagb-block-a9cd7801 uagb-infobox__content-wrap  uagb-infobox-icon-above-title uagb-infobox-image-valign-top\"><div class=\"uagb-ifb-content\"><div class=\"uagb-ifb-title-wrap\"><h5 class=\"uagb-ifb-title\">Signature du bail <\/h5><\/div><p class=\"uagb-ifb-desc\">HESTIA r\u00e9alise un bail commercial d&rsquo;un an qui atteste de notre volont\u00e9 de travail ensemble en toute transparence.<\/p><\/div><\/div>\n<\/div>\n\n\n\n<div class=\"wp-block-uagb-container uagb-block-020e21af\">\n<div class=\"wp-block-uagb-advanced-heading uagb-block-6174e124\"><h2 class=\"uagb-heading-text\">03<\/h2><\/div>\n\n\n\n<div class=\"wp-block-uagb-info-box uagb-block-799f59c6 uagb-infobox__content-wrap  uagb-infobox-icon-above-title uagb-infobox-image-valign-top\"><div class=\"uagb-ifb-content\"><div class=\"uagb-ifb-title-wrap\"><h5 class=\"uagb-ifb-title\">Ameublement <\/h5><\/div><p class=\"uagb-ifb-desc\">En tant que nouveau locataire, HESTIA meuble et d\u00e9core votre bien en fonction des exigences de notre client\u00e8le d&rsquo;affaire. <\/p><\/div><\/div>\n<\/div>\n\n\n\n<div class=\"wp-block-uagb-container uagb-block-2f906d4f\">\n<div class=\"wp-block-uagb-advanced-heading uagb-block-3b889f7c\"><h2 class=\"uagb-heading-text\">04<\/h2><\/div>\n\n\n\n<div class=\"wp-block-uagb-info-box uagb-block-b4642784 uagb-infobox__content-wrap  uagb-infobox-icon-above-title uagb-infobox-image-valign-top\"><div class=\"uagb-ifb-content\"><div class=\"uagb-ifb-title-wrap\"><h5 class=\"uagb-ifb-title\">Recherche de locataires <\/h5><\/div><p class=\"uagb-ifb-desc\">Le logement est propos\u00e9 \u00e0 notre client\u00e8le pour un d\u00e9placement temporaire.<\/p><\/div><\/div>\n<\/div>\n<\/div>\n<\/div><\/div>\n\n\n\n<div class=\"wp-block-uagb-container uagb-block-735d1488 alignfull uagb-is-root-container\"><div class=\"uagb-container-inner-blocks-wrap\">\n<div class=\"wp-block-uagb-container uagb-block-9f97a678\">\n<div class=\"wp-block-uagb-info-box uagb-block-634c61e0 uagb-infobox__content-wrap  uagb-infobox-icon-above-title uagb-infobox-image-valign-top\"><div class=\"uagb-ifb-content\"><div class=\"uagb-ifb-title-wrap\"><h2 class=\"uagb-ifb-title\">\u00c9l\u00e9ments requis <\/h2><\/div><p class=\"uagb-ifb-desc\">Avant de prendre rendez-vous, remplissez ce formulaire ci-dessous.<br>HESTIA \u00e9tudie votre candidature et revient vers vous afin de vous donner une r\u00e9ponse.<\/p><div class=\"uagb-ifb-button-wrapper wp-block-button\"><a href=\"\" class=\"uagb-infobox-cta-link wp-block-button__link\" target=\"_self\" rel=\"noopener noreferrer\" onclick=\"return false;\" alt=\"\"><span class=\"uagb-inline-editing\">Formulaire<\/span><\/a><\/div><\/div><\/div>\n<\/div>\n\n\n\n<div class=\"wp-block-uagb-container uagb-block-8bff31aa\">\n<div class=\"wp-block-uagb-icon-list uagb-block-6cdc88ab\"><div class=\"uagb-icon-list__wrap\">\n<div class=\"wp-block-uagb-icon-list-child uagb-block-02af81cf\"><span class=\"uagb-icon-list__source-wrap\"><svg xmlns=\"https:\/\/www.w3.org\/2000\/svg\" viewBox=\"0 0 512 512\"><path d=\"M0 256C0 114.6 114.6 0 256 0C397.4 0 512 114.6 512 256C512 397.4 397.4 512 256 512C114.6 512 0 397.4 0 256zM371.8 211.8C382.7 200.9 382.7 183.1 371.8 172.2C360.9 161.3 343.1 161.3 332.2 172.2L224 280.4L179.8 236.2C168.9 225.3 151.1 225.3 140.2 236.2C129.3 247.1 129.3 264.9 140.2 275.8L204.2 339.8C215.1 350.7 232.9 350.7 243.8 339.8L371.8 211.8z\"><\/path><\/svg><\/span><span class=\"uagb-icon-list__label\">Etre propri\u00e9taire du bien <\/span><\/div>\n\n\n\n<div class=\"wp-block-uagb-icon-list-child uagb-block-f89795a2\"><span class=\"uagb-icon-list__source-wrap\"><svg xmlns=\"https:\/\/www.w3.org\/2000\/svg\" viewBox=\"0 0 512 512\"><path d=\"M0 256C0 114.6 114.6 0 256 0C397.4 0 512 114.6 512 256C512 397.4 397.4 512 256 512C114.6 512 0 397.4 0 256zM371.8 211.8C382.7 200.9 382.7 183.1 371.8 172.2C360.9 161.3 343.1 161.3 332.2 172.2L224 280.4L179.8 236.2C168.9 225.3 151.1 225.3 140.2 236.2C129.3 247.1 129.3 264.9 140.2 275.8L204.2 339.8C215.1 350.7 232.9 350.7 243.8 339.8L371.8 211.8z\"><\/path><\/svg><\/span><span class=\"uagb-icon-list__label\">V\u00e9rifier aupr\u00e8s de votre co-propri\u00e9t\u00e9 que la sous location est autoris\u00e9e <\/span><\/div>\n\n\n\n<div class=\"wp-block-uagb-icon-list-child uagb-block-11a69883\"><span class=\"uagb-icon-list__source-wrap\"><svg xmlns=\"https:\/\/www.w3.org\/2000\/svg\" viewBox=\"0 0 512 512\"><path d=\"M0 256C0 114.6 114.6 0 256 0C397.4 0 512 114.6 512 256C512 397.4 397.4 512 256 512C114.6 512 0 397.4 0 256zM371.8 211.8C382.7 200.9 382.7 183.1 371.8 172.2C360.9 161.3 343.1 161.3 332.2 172.2L224 280.4L179.8 236.2C168.9 225.3 151.1 225.3 140.2 236.2C129.3 247.1 129.3 264.9 140.2 275.8L204.2 339.8C215.1 350.7 232.9 350.7 243.8 339.8L371.8 211.8z\"><\/path><\/svg><\/span><span class=\"uagb-icon-list__label\">Disposer d&rsquo;un bien sur Bordeaux ou sa r\u00e9gion <\/span><\/div>\n\n\n\n<div class=\"wp-block-uagb-icon-list-child uagb-block-6829028b\"><span class=\"uagb-icon-list__source-wrap\"><svg xmlns=\"https:\/\/www.w3.org\/2000\/svg\" viewBox=\"0 0 512 512\"><path d=\"M0 256C0 114.6 114.6 0 256 0C397.4 0 512 114.6 512 256C512 397.4 397.4 512 256 512C114.6 512 0 397.4 0 256zM371.8 211.8C382.7 200.9 382.7 183.1 371.8 172.2C360.9 161.3 343.1 161.3 332.2 172.2L224 280.4L179.8 236.2C168.9 225.3 151.1 225.3 140.2 236.2C129.3 247.1 129.3 264.9 140.2 275.8L204.2 339.8C215.1 350.7 232.9 350.7 243.8 339.8L371.8 211.8z\"><\/path><\/svg><\/span><span class=\"uagb-icon-list__label\">Le bien doit \u00eatre libre de tous locataires <\/span><\/div>\n<\/div><\/div>\n<\/div>\n<\/div><\/div>\n\n\n\n<div class=\"wp-block-uagb-container uagb-block-e76ac2de alignfull uagb-is-root-container\"><div class=\"uagb-container-inner-blocks-wrap\">\n<div class=\"wp-block-uagb-info-box uagb-block-f0ab8bdb uagb-infobox__content-wrap  uagb-infobox-icon-above-title uagb-infobox-image-valign-top\"><div class=\"uagb-ifb-content\"><div class=\"uagb-ifb-title-wrap\"><h1 class=\"uagb-ifb-title\">HESTIA PREND SOIN DE VOTRE LOGEMENT <\/h1><\/div><p class=\"uagb-ifb-desc\">Fini les locataires qui vous appellent pour le moindre probl\u00e8me dans le logement. Nous nous occupons de la maintenance et l\u2019entretien du logement, nous prenons tout \u00e0 notre charge et nous ne vous solliciterons jamais pour cela.<br><a href=\"https:\/\/calendly.com\/gauveletm\/30min?month=2023-06\"><\/a><\/p><div class=\"uagb-ifb-button-wrapper wp-block-button\"><a href=\"https:\/\/calendly.com\/hestia_conciergerie\/decouverte\" class=\"uagb-infobox-cta-link wp-block-button__link\" target=\"_self\" rel=\"noopener noreferrer\" onclick=\"return true;\" alt=\"\"><span class=\"uagb-inline-editing\">Prendre rendez-vous<\/span><\/a><\/div><\/div><\/div>\n<\/div><\/div>\n","protected":false},"excerpt":{"rendered":"<p>La Sous location professionnelle Quels sont les avantages pour un propri\u00e9taire sur Bordeaux ? 1\/ Un bien entretenu toute l&rsquo;ann\u00e9e par nos \u00e9quipes (m\u00e9nages, r\u00e9parations&#8230;) 2\/ La possibilit\u00e9 de mettre fin \u00e0 notre collaboration plus facilement qu&rsquo;avec un locataire classique 3\/ Un loyer r\u00e9gl\u00e9 tous les 05 du mois sans fautes 4\/ Plus de turnover &hellip;<\/p>\n<p class=\"read-more\"> <a class=\"\" href=\"https:\/\/hestia-homecare.com\/index.php\/sous-location\/\"> <span class=\"screen-reader-text\">Sous location<\/span> Lire la suite\u00a0\u00bb<\/a><\/p>\n","protected":false},"author":1,"featured_media":0,"parent":0,"menu_order":0,"comment_status":"closed","ping_status":"closed","template":"","meta":{"_uag_custom_page_level_css":"","_monsterinsights_skip_tracking":false,"_monsterinsights_sitenote_active":false,"_monsterinsights_sitenote_note":"","_monsterinsights_sitenote_category":0,"site-sidebar-layout":"default","site-content-layout":"default","ast-global-header-display":"","ast-banner-title-visibility":"","ast-main-header-display":"","ast-hfb-above-header-display":"","ast-hfb-below-header-display":"","ast-hfb-mobile-header-display":"","site-post-title":"disabled","ast-breadcrumbs-content":"","ast-featured-img":"","footer-sml-layout":"","theme-transparent-header-meta":"","adv-header-id-meta":"","stick-header-meta":"","header-above-stick-meta":"","header-main-stick-meta":"","header-below-stick-meta":"","footnotes":""},"class_list":["post-2802","page","type-page","status-publish","hentry"],"uagb_featured_image_src":{"full":false,"thumbnail":false,"medium":false,"medium_large":false,"large":false,"1536x1536":false,"2048x2048":false,"woocommerce_thumbnail":false,"woocommerce_single":false,"woocommerce_gallery_thumbnail":false},"uagb_author_info":{"display_name":"admin7849","author_link":"https:\/\/hestia-homecare.com\/index.php\/author\/admin7849\/"},"uagb_comment_info":0,"uagb_excerpt":"La Sous location professionnelle Quels sont les avantages pour un propri\u00e9taire sur Bordeaux ? 1\/ Un bien entretenu toute l&rsquo;ann\u00e9e par nos \u00e9quipes (m\u00e9nages, r\u00e9parations&#8230;) 2\/ La possibilit\u00e9 de mettre fin \u00e0 notre collaboration plus facilement qu&rsquo;avec un locataire classique 3\/ Un loyer r\u00e9gl\u00e9 tous les 05 du mois sans fautes 4\/ Plus de turnover\u2026","_links":{"self":[{"href":"https:\/\/hestia-homecare.com\/index.php\/wp-json\/wp\/v2\/pages\/2802","targetHints":{"allow":["GET"]}}],"collection":[{"href":"https:\/\/hestia-homecare.com\/index.php\/wp-json\/wp\/v2\/pages"}],"about":[{"href":"https:\/\/hestia-homecare.com\/index.php\/wp-json\/wp\/v2\/types\/page"}],"author":[{"embeddable":true,"href":"https:\/\/hestia-homecare.com\/index.php\/wp-json\/wp\/v2\/users\/1"}],"replies":[{"embeddable":true,"href":"https:\/\/hestia-homecare.com\/index.php\/wp-json\/wp\/v2\/comments?post=2802"}],"version-history":[{"count":20,"href":"https:\/\/hestia-homecare.com\/index.php\/wp-json\/wp\/v2\/pages\/2802\/revisions"}],"predecessor-version":[{"id":3124,"href":"https:\/\/hestia-homecare.com\/index.php\/wp-json\/wp\/v2\/pages\/2802\/revisions\/3124"}],"wp:attachment":[{"href":"https:\/\/hestia-homecare.com\/index.php\/wp-json\/wp\/v2\/media?parent=2802"}],"curies":[{"name":"wp","href":"https:\/\/api.w.org\/{rel}","templated":true}]}}