{"id":2707,"date":"2023-06-19T17:44:11","date_gmt":"2023-06-19T15:44:11","guid":{"rendered":"https:\/\/hestia-homecare.com\/?page_id=2707"},"modified":"2023-07-19T17:27:26","modified_gmt":"2023-07-19T15:27:26","slug":"ressources","status":"publish","type":"page","link":"https:\/\/hestia-homecare.com\/index.php\/ressources\/","title":{"rendered":"Ressources"},"content":{"rendered":"\n<div class=\"wp-block-uagb-container uagb-block-21dd30d7 alignfull uagb-is-root-container\"><div class=\"uagb-container-inner-blocks-wrap\">\n<div class=\"wp-block-uagb-advanced-heading uagb-block-57deb1ac\"><h1 class=\"uagb-heading-text\">Ressources <\/h1><\/div>\n<\/div><\/div>\n\n\n\n<div class=\"wp-block-uagb-container uagb-block-9741398b alignfull uagb-is-root-container\"><div class=\"uagb-container-inner-blocks-wrap\">\n<div class=\"wp-block-uagb-advanced-heading uagb-block-bb0fa60a\"><h2 class=\"uagb-heading-text\">Optimiser vos investissements<\/h2><p class=\"uagb-desc-text\">Retrouvez nos articles pour optimiser vos rendements.<\/p><\/div>\n\n\n\n<div class=\"wp-block-uagb-container uagb-block-1316fb6b\">\n\t\t\t<div class=\"wp-block-uagb-post-grid uagb-post-grid  uagb-post__image-position-top uagb-post__image-enabled uagb-block-978c811f     uagb-post__items uagb-post__columns-3 is-grid uagb-post__columns-tablet-2 uagb-post__columns-mobile-1 uagb-post__equal-height uagb-equal_height_inline-read-more-buttons\" data-total=\"1\" style=\"\">\n\n\t\t\t\t\t\t\t\t\t\t\t\t<article class=\"uagb-post__inner-wrap\">\t\t\t\t\t\t\t\t<div class='uagb-post__image'>\n\t\t\t\t\t\t\t\t\t<a href=\"https:\/\/hestia-homecare.com\/index.php\/2023\/07\/05\/les-avantages-de-linvestissement-immobilier-par-rapport-aux-autres-classes-dactifs\/\" target=\"_self\" rel=\"bookmark noopener noreferrer\" class='uagb-image-ratio-2-3'><img loading=\"lazy\" decoding=\"async\" width=\"1000\" height=\"664\" src=\"https:\/\/hestia-homecare.com\/wp-content\/uploads\/2023\/07\/investir-immobilier.jpeg\" class=\"attachment-large size-large\" alt=\"\" srcset=\"https:\/\/hestia-homecare.com\/wp-content\/uploads\/2023\/07\/investir-immobilier.jpeg 1000w, https:\/\/hestia-homecare.com\/wp-content\/uploads\/2023\/07\/investir-immobilier-300x199.jpeg 300w, https:\/\/hestia-homecare.com\/wp-content\/uploads\/2023\/07\/investir-immobilier-768x510.jpeg 768w, https:\/\/hestia-homecare.com\/wp-content\/uploads\/2023\/07\/investir-immobilier-600x398.jpeg 600w\" sizes=\"auto, (max-width: 1000px) 100vw, 1000px\" \/>\t\t\t\t\t<\/a>\n\t\t\t\t\t\t\t<\/div>\n\t\t\t\t\t\t<h4 class=\"uagb-post__title uagb-post__text\">\n\t\t\t\t<a href=\"https:\/\/hestia-homecare.com\/index.php\/2023\/07\/05\/les-avantages-de-linvestissement-immobilier-par-rapport-aux-autres-classes-dactifs\/\" target=\"_self\" rel=\"bookmark noopener noreferrer\">Les avantages de l&rsquo;investissement immobilier par rapport aux autres classes d&rsquo;actifs<\/a>\n\t\t\t<\/h4>\n\t\t\t\t\t\t<div class='uagb-post__text uagb-post-grid-byline'>\n\t\t\t\t\t\t\t\t<span class=\"uagb-post__author\">\n\t\t\t\t\t\t\t\t\t<a href=\"https:\/\/hestia-homecare.com\/index.php\/author\/admin7849\/\" title=\"Articles par admin7849\" rel=\"author\">admin7849<\/a>\t\t\t\t<\/span>\n\t\t\t\t\t\t\t<time datetime=\"2023-07-05T11:47:24+02:00\" class=\"uagb-post__date\">\n\t\t\t\t\t\t\t\t\t5 juillet 2023\t\t\t\t<\/time>\n\t\t\t\t\t\t<\/div>\n\t\t\t\t\t\t\t<div class='uagb-post__text uagb-post__excerpt'>\n\t\t\t\t\tPourquoi choisir d&rsquo;investir dans l&rsquo;immobilier par rapport \u00e0 la bourse ?\t\t\t\t<\/div>\n\t\t\t\t\t\t<div class=\"uagb-post__text uagb-post__cta wp-block-button\">\n\t\t\t\t<a class=\"wp-block-button__link uagb-text-link\" href=\"https:\/\/hestia-homecare.com\/index.php\/2023\/07\/05\/les-avantages-de-linvestissement-immobilier-par-rapport-aux-autres-classes-dactifs\/\" target=\"_self\" rel=\"bookmark noopener noreferrer\">Lire la suite<\/a>\n\t\t\t<\/div>\n\t\t\t\t\t\t\t\t\t\t\t\t<\/article>\n\t\t\t\t\t\t\t\t\t\t\t\t\t\t\t\t<article class=\"uagb-post__inner-wrap\">\t\t\t\t\t\t\t\t<div class='uagb-post__image'>\n\t\t\t\t\t\t\t\t\t<a href=\"https:\/\/hestia-homecare.com\/index.php\/2023\/07\/05\/3-avantages-a-sous-louer-son-appartement-a-un-professionnel-a-bordeaux\/\" target=\"_self\" rel=\"bookmark noopener noreferrer\" class='uagb-image-ratio-2-3'><img loading=\"lazy\" decoding=\"async\" width=\"700\" height=\"700\" src=\"https:\/\/hestia-homecare.com\/wp-content\/uploads\/2023\/07\/sous-location-professionnelle.png\" class=\"attachment-large size-large\" alt=\"\" srcset=\"https:\/\/hestia-homecare.com\/wp-content\/uploads\/2023\/07\/sous-location-professionnelle.png 700w, https:\/\/hestia-homecare.com\/wp-content\/uploads\/2023\/07\/sous-location-professionnelle-300x300.png 300w, https:\/\/hestia-homecare.com\/wp-content\/uploads\/2023\/07\/sous-location-professionnelle-150x150.png 150w, https:\/\/hestia-homecare.com\/wp-content\/uploads\/2023\/07\/sous-location-professionnelle-600x600.png 600w, https:\/\/hestia-homecare.com\/wp-content\/uploads\/2023\/07\/sous-location-professionnelle-100x100.png 100w\" sizes=\"auto, (max-width: 700px) 100vw, 700px\" \/>\t\t\t\t\t<\/a>\n\t\t\t\t\t\t\t<\/div>\n\t\t\t\t\t\t<h4 class=\"uagb-post__title uagb-post__text\">\n\t\t\t\t<a href=\"https:\/\/hestia-homecare.com\/index.php\/2023\/07\/05\/3-avantages-a-sous-louer-son-appartement-a-un-professionnel-a-bordeaux\/\" target=\"_self\" rel=\"bookmark noopener noreferrer\">3 avantages \u00e0 sous-louer son appartement \u00e0 un professionnel \u00e0 Bordeaux<\/a>\n\t\t\t<\/h4>\n\t\t\t\t\t\t<div class='uagb-post__text uagb-post-grid-byline'>\n\t\t\t\t\t\t\t\t<span class=\"uagb-post__author\">\n\t\t\t\t\t\t\t\t\t<a href=\"https:\/\/hestia-homecare.com\/index.php\/author\/admin7849\/\" title=\"Articles par admin7849\" rel=\"author\">admin7849<\/a>\t\t\t\t<\/span>\n\t\t\t\t\t\t\t<time datetime=\"2023-07-05T11:40:03+02:00\" class=\"uagb-post__date\">\n\t\t\t\t\t\t\t\t\t5 juillet 2023\t\t\t\t<\/time>\n\t\t\t\t\t\t<\/div>\n\t\t\t\t\t\t\t<div class='uagb-post__text uagb-post__excerpt'>\n\t\t\t\t\tPourquoi choisir un professionnel pour sous-louer votre bien ? \t\t\t\t<\/div>\n\t\t\t\t\t\t<div class=\"uagb-post__text uagb-post__cta wp-block-button\">\n\t\t\t\t<a class=\"wp-block-button__link uagb-text-link\" href=\"https:\/\/hestia-homecare.com\/index.php\/2023\/07\/05\/3-avantages-a-sous-louer-son-appartement-a-un-professionnel-a-bordeaux\/\" target=\"_self\" rel=\"bookmark noopener noreferrer\">Lire la suite<\/a>\n\t\t\t<\/div>\n\t\t\t\t\t\t\t\t\t\t\t\t<\/article>\n\t\t\t\t\t\t\t\t\t\t\t\t\t\t\t\t<article class=\"uagb-post__inner-wrap\">\t\t\t\t\t\t\t\t<div class='uagb-post__image'>\n\t\t\t\t\t\t\t\t\t<a href=\"https:\/\/hestia-homecare.com\/index.php\/2023\/07\/05\/les-avantages-de-la-location-courte-duree-a-bordeaux-avec-une-conciergerie-professionnelle\/\" target=\"_self\" rel=\"bookmark noopener noreferrer\" class='uagb-image-ratio-2-3'><img loading=\"lazy\" decoding=\"async\" width=\"500\" height=\"301\" src=\"https:\/\/hestia-homecare.com\/wp-content\/uploads\/2023\/07\/conciergerie-airbnb-paris-bnblord.jpg\" class=\"attachment-large size-large\" alt=\"\" srcset=\"https:\/\/hestia-homecare.com\/wp-content\/uploads\/2023\/07\/conciergerie-airbnb-paris-bnblord.jpg 500w, https:\/\/hestia-homecare.com\/wp-content\/uploads\/2023\/07\/conciergerie-airbnb-paris-bnblord-300x181.jpg 300w\" sizes=\"auto, (max-width: 500px) 100vw, 500px\" \/>\t\t\t\t\t<\/a>\n\t\t\t\t\t\t\t<\/div>\n\t\t\t\t\t\t<h4 class=\"uagb-post__title uagb-post__text\">\n\t\t\t\t<a href=\"https:\/\/hestia-homecare.com\/index.php\/2023\/07\/05\/les-avantages-de-la-location-courte-duree-a-bordeaux-avec-une-conciergerie-professionnelle\/\" target=\"_self\" rel=\"bookmark noopener noreferrer\">Les avantages de la location courte dur\u00e9e \u00e0 Bordeaux avec une conciergerie professionnelle<\/a>\n\t\t\t<\/h4>\n\t\t\t\t\t\t<div class='uagb-post__text uagb-post-grid-byline'>\n\t\t\t\t\t\t\t\t<span class=\"uagb-post__author\">\n\t\t\t\t\t\t\t\t\t<a href=\"https:\/\/hestia-homecare.com\/index.php\/author\/admin7849\/\" title=\"Articles par admin7849\" rel=\"author\">admin7849<\/a>\t\t\t\t<\/span>\n\t\t\t\t\t\t\t<time datetime=\"2023-07-05T10:20:26+02:00\" class=\"uagb-post__date\">\n\t\t\t\t\t\t\t\t\t5 juillet 2023\t\t\t\t<\/time>\n\t\t\t\t\t\t<\/div>\n\t\t\t\t\t\t\t<div class='uagb-post__text uagb-post__excerpt'>\n\t\t\t\t\tPourquoi choisir de passer par une conciergerie airbnb \t\t\t\t<\/div>\n\t\t\t\t\t\t<div class=\"uagb-post__text uagb-post__cta wp-block-button\">\n\t\t\t\t<a class=\"wp-block-button__link uagb-text-link\" href=\"https:\/\/hestia-homecare.com\/index.php\/2023\/07\/05\/les-avantages-de-la-location-courte-duree-a-bordeaux-avec-une-conciergerie-professionnelle\/\" target=\"_self\" rel=\"bookmark noopener noreferrer\">Lire la suite<\/a>\n\t\t\t<\/div>\n\t\t\t\t\t\t\t\t\t\t\t\t<\/article>\n\t\t\t\t\t\t\t\t\t\t\t\t\t\t\t\t<article class=\"uagb-post__inner-wrap\">\t\t\t\t\t\t\t\t<div class='uagb-post__image'>\n\t\t\t\t\t\t\t\t\t<a href=\"https:\/\/hestia-homecare.com\/index.php\/2023\/07\/03\/les-5-facteurs-cles-a-prendre-en-compte-pour-investir-dans-la-location-de-courte-duree-a-bordeaux\/\" target=\"_self\" rel=\"bookmark noopener noreferrer\" class='uagb-image-ratio-2-3'><img loading=\"lazy\" decoding=\"async\" width=\"1024\" height=\"678\" src=\"https:\/\/hestia-homecare.com\/wp-content\/uploads\/2023\/07\/place-bourse-bordeaux-1024x678.jpg\" class=\"attachment-large size-large\" alt=\"\" srcset=\"https:\/\/hestia-homecare.com\/wp-content\/uploads\/2023\/07\/place-bourse-bordeaux-1024x678.jpg 1024w, https:\/\/hestia-homecare.com\/wp-content\/uploads\/2023\/07\/place-bourse-bordeaux-300x199.jpg 300w, https:\/\/hestia-homecare.com\/wp-content\/uploads\/2023\/07\/place-bourse-bordeaux-768x508.jpg 768w, https:\/\/hestia-homecare.com\/wp-content\/uploads\/2023\/07\/place-bourse-bordeaux-1536x1017.jpg 1536w, https:\/\/hestia-homecare.com\/wp-content\/uploads\/2023\/07\/place-bourse-bordeaux-600x397.jpg 600w, https:\/\/hestia-homecare.com\/wp-content\/uploads\/2023\/07\/place-bourse-bordeaux.jpg 2000w\" sizes=\"auto, (max-width: 1024px) 100vw, 1024px\" \/>\t\t\t\t\t<\/a>\n\t\t\t\t\t\t\t<\/div>\n\t\t\t\t\t\t<h4 class=\"uagb-post__title uagb-post__text\">\n\t\t\t\t<a href=\"https:\/\/hestia-homecare.com\/index.php\/2023\/07\/03\/les-5-facteurs-cles-a-prendre-en-compte-pour-investir-dans-la-location-de-courte-duree-a-bordeaux\/\" target=\"_self\" rel=\"bookmark noopener noreferrer\">Les 5 Facteurs cl\u00e9s \u00e0 prendre en Compte pour investir dans la location de courte dur\u00e9e \u00e0 Bordeaux<\/a>\n\t\t\t<\/h4>\n\t\t\t\t\t\t<div class='uagb-post__text uagb-post-grid-byline'>\n\t\t\t\t\t\t\t\t<span class=\"uagb-post__author\">\n\t\t\t\t\t\t\t\t\t<a href=\"https:\/\/hestia-homecare.com\/index.php\/author\/admin7849\/\" title=\"Articles par admin7849\" rel=\"author\">admin7849<\/a>\t\t\t\t<\/span>\n\t\t\t\t\t\t\t<time datetime=\"2023-07-03T18:14:04+02:00\" class=\"uagb-post__date\">\n\t\t\t\t\t\t\t\t\t3 juillet 2023\t\t\t\t<\/time>\n\t\t\t\t\t\t<\/div>\n\t\t\t\t\t\t\t<div class='uagb-post__text uagb-post__excerpt'>\n\t\t\t\t\tQuels sont les principaux \u00e9l\u00e9ments \u00e0 prendre en compte pour investir \u00e0 Bordeaux\t\t\t\t<\/div>\n\t\t\t\t\t\t<div class=\"uagb-post__text uagb-post__cta wp-block-button\">\n\t\t\t\t<a class=\"wp-block-button__link uagb-text-link\" href=\"https:\/\/hestia-homecare.com\/index.php\/2023\/07\/03\/les-5-facteurs-cles-a-prendre-en-compte-pour-investir-dans-la-location-de-courte-duree-a-bordeaux\/\" target=\"_self\" rel=\"bookmark noopener noreferrer\">Lire la suite<\/a>\n\t\t\t<\/div>\n\t\t\t\t\t\t\t\t\t\t\t\t<\/article>\n\t\t\t\t\t\t\t\t\t\t\t\t\t\t\t\t<article class=\"uagb-post__inner-wrap\">\t\t\t\t\t\t\t\t<div class='uagb-post__image'>\n\t\t\t\t\t\t\t\t\t<a href=\"https:\/\/hestia-homecare.com\/index.php\/2023\/07\/03\/les-meilleures-villes-ou-investir-pour-faire-de-la-location-courte-duree\/\" target=\"_self\" rel=\"bookmark noopener noreferrer\" class='uagb-image-ratio-2-3'><img loading=\"lazy\" decoding=\"async\" width=\"680\" height=\"391\" src=\"https:\/\/hestia-homecare.com\/wp-content\/uploads\/2023\/07\/conciergerie-airbnb2-680x391-1.jpg\" class=\"attachment-large size-large\" alt=\"\" srcset=\"https:\/\/hestia-homecare.com\/wp-content\/uploads\/2023\/07\/conciergerie-airbnb2-680x391-1.jpg 680w, https:\/\/hestia-homecare.com\/wp-content\/uploads\/2023\/07\/conciergerie-airbnb2-680x391-1-300x173.jpg 300w, https:\/\/hestia-homecare.com\/wp-content\/uploads\/2023\/07\/conciergerie-airbnb2-680x391-1-600x345.jpg 600w\" sizes=\"auto, (max-width: 680px) 100vw, 680px\" \/>\t\t\t\t\t<\/a>\n\t\t\t\t\t\t\t<\/div>\n\t\t\t\t\t\t<h4 class=\"uagb-post__title uagb-post__text\">\n\t\t\t\t<a href=\"https:\/\/hestia-homecare.com\/index.php\/2023\/07\/03\/les-meilleures-villes-ou-investir-pour-faire-de-la-location-courte-duree\/\" target=\"_self\" rel=\"bookmark noopener noreferrer\">Les meilleures villes o\u00f9 investir pour faire de la location courte dur\u00e9e<\/a>\n\t\t\t<\/h4>\n\t\t\t\t\t\t<div class='uagb-post__text uagb-post-grid-byline'>\n\t\t\t\t\t\t\t\t<span class=\"uagb-post__author\">\n\t\t\t\t\t\t\t\t\t<a href=\"https:\/\/hestia-homecare.com\/index.php\/author\/admin7849\/\" title=\"Articles par admin7849\" rel=\"author\">admin7849<\/a>\t\t\t\t<\/span>\n\t\t\t\t\t\t\t<time datetime=\"2023-07-03T18:00:06+02:00\" class=\"uagb-post__date\">\n\t\t\t\t\t\t\t\t\t3 juillet 2023\t\t\t\t<\/time>\n\t\t\t\t\t\t<\/div>\n\t\t\t\t\t\t\t<div class='uagb-post__text uagb-post__excerpt'>\n\t\t\t\t\tQuelles sont les meilleures villes o\u00f9 investir en courte dur\u00e9e ?\t\t\t\t<\/div>\n\t\t\t\t\t\t<div class=\"uagb-post__text uagb-post__cta wp-block-button\">\n\t\t\t\t<a class=\"wp-block-button__link uagb-text-link\" href=\"https:\/\/hestia-homecare.com\/index.php\/2023\/07\/03\/les-meilleures-villes-ou-investir-pour-faire-de-la-location-courte-duree\/\" target=\"_self\" rel=\"bookmark noopener noreferrer\">Lire la suite<\/a>\n\t\t\t<\/div>\n\t\t\t\t\t\t\t\t\t\t\t\t<\/article>\n\t\t\t\t\t\t\t\t\t\t\t\t\t\t\t\t<article class=\"uagb-post__inner-wrap\">\t\t\t\t\t\t\t\t<div class='uagb-post__image'>\n\t\t\t\t\t\t\t\t\t<a href=\"https:\/\/hestia-homecare.com\/index.php\/2023\/07\/03\/comment-choisir-la-meilleure-conciergerie-airbnb-a-bordeaux-guide-dexpert\/\" target=\"_self\" rel=\"bookmark noopener noreferrer\" class='uagb-image-ratio-2-3'><img loading=\"lazy\" decoding=\"async\" width=\"750\" height=\"312\" src=\"https:\/\/hestia-homecare.com\/wp-content\/uploads\/2023\/07\/medium_remise_des_cles_airbnb_c2ba02e961.jpg\" class=\"attachment-large size-large\" alt=\"\" srcset=\"https:\/\/hestia-homecare.com\/wp-content\/uploads\/2023\/07\/medium_remise_des_cles_airbnb_c2ba02e961.jpg 750w, https:\/\/hestia-homecare.com\/wp-content\/uploads\/2023\/07\/medium_remise_des_cles_airbnb_c2ba02e961-300x125.jpg 300w, https:\/\/hestia-homecare.com\/wp-content\/uploads\/2023\/07\/medium_remise_des_cles_airbnb_c2ba02e961-600x250.jpg 600w\" sizes=\"auto, (max-width: 750px) 100vw, 750px\" \/>\t\t\t\t\t<\/a>\n\t\t\t\t\t\t\t<\/div>\n\t\t\t\t\t\t<h4 class=\"uagb-post__title uagb-post__text\">\n\t\t\t\t<a href=\"https:\/\/hestia-homecare.com\/index.php\/2023\/07\/03\/comment-choisir-la-meilleure-conciergerie-airbnb-a-bordeaux-guide-dexpert\/\" target=\"_self\" rel=\"bookmark noopener noreferrer\">Comment choisir la meilleure conciergerie Airbnb \u00e0 Bordeaux : Guide d&rsquo;expert<\/a>\n\t\t\t<\/h4>\n\t\t\t\t\t\t<div class='uagb-post__text uagb-post-grid-byline'>\n\t\t\t\t\t\t\t\t<span class=\"uagb-post__author\">\n\t\t\t\t\t\t\t\t\t<a href=\"https:\/\/hestia-homecare.com\/index.php\/author\/admin7849\/\" title=\"Articles par admin7849\" rel=\"author\">admin7849<\/a>\t\t\t\t<\/span>\n\t\t\t\t\t\t\t<time datetime=\"2023-07-03T16:53:43+02:00\" class=\"uagb-post__date\">\n\t\t\t\t\t\t\t\t\t3 juillet 2023\t\t\t\t<\/time>\n\t\t\t\t\t\t<\/div>\n\t\t\t\t\t\t\t<div class='uagb-post__text uagb-post__excerpt'>\n\t\t\t\t\t7 conseils pratiques pour bien choisir sa conciergerie.\t\t\t\t<\/div>\n\t\t\t\t\t\t<div class=\"uagb-post__text uagb-post__cta wp-block-button\">\n\t\t\t\t<a class=\"wp-block-button__link uagb-text-link\" href=\"https:\/\/hestia-homecare.com\/index.php\/2023\/07\/03\/comment-choisir-la-meilleure-conciergerie-airbnb-a-bordeaux-guide-dexpert\/\" target=\"_self\" rel=\"bookmark noopener noreferrer\">Lire la suite<\/a>\n\t\t\t<\/div>\n\t\t\t\t\t\t\t\t\t\t\t\t<\/article>\n\t\t\t\t\t\t\t\t\t\t\t<\/div>\n\t\t\t<\/div>\n<\/div><\/div>\n","protected":false},"excerpt":{"rendered":"<p>Ressources Optimiser vos investissements Retrouvez nos articles pour optimiser vos rendements.<\/p>\n","protected":false},"author":1,"featured_media":0,"parent":0,"menu_order":0,"comment_status":"closed","ping_status":"closed","template":"","meta":{"_uag_custom_page_level_css":"","_monsterinsights_skip_tracking":false,"_monsterinsights_sitenote_active":false,"_monsterinsights_sitenote_note":"","_monsterinsights_sitenote_category":0,"site-sidebar-layout":"default","site-content-layout":"default","ast-global-header-display":"","ast-banner-title-visibility":"","ast-main-header-display":"","ast-hfb-above-header-display":"","ast-hfb-below-header-display":"","ast-hfb-mobile-header-display":"","site-post-title":"disabled","ast-breadcrumbs-content":"","ast-featured-img":"","footer-sml-layout":"","theme-transparent-header-meta":"","adv-header-id-meta":"","stick-header-meta":"","header-above-stick-meta":"","header-main-stick-meta":"","header-below-stick-meta":"","footnotes":""},"class_list":["post-2707","page","type-page","status-publish","hentry"],"uagb_featured_image_src":{"full":false,"thumbnail":false,"medium":false,"medium_large":false,"large":false,"1536x1536":false,"2048x2048":false,"woocommerce_thumbnail":false,"woocommerce_single":false,"woocommerce_gallery_thumbnail":false},"uagb_author_info":{"display_name":"admin7849","author_link":"https:\/\/hestia-homecare.com\/index.php\/author\/admin7849\/"},"uagb_comment_info":0,"uagb_excerpt":"Ressources Optimiser vos investissements Retrouvez nos articles pour optimiser vos rendements.","_links":{"self":[{"href":"https:\/\/hestia-homecare.com\/index.php\/wp-json\/wp\/v2\/pages\/2707","targetHints":{"allow":["GET"]}}],"collection":[{"href":"https:\/\/hestia-homecare.com\/index.php\/wp-json\/wp\/v2\/pages"}],"about":[{"href":"https:\/\/hestia-homecare.com\/index.php\/wp-json\/wp\/v2\/types\/page"}],"author":[{"embeddable":true,"href":"https:\/\/hestia-homecare.com\/index.php\/wp-json\/wp\/v2\/users\/1"}],"replies":[{"embeddable":true,"href":"https:\/\/hestia-homecare.com\/index.php\/wp-json\/wp\/v2\/comments?post=2707"}],"version-history":[{"count":13,"href":"https:\/\/hestia-homecare.com\/index.php\/wp-json\/wp\/v2\/pages\/2707\/revisions"}],"predecessor-version":[{"id":3042,"href":"https:\/\/hestia-homecare.com\/index.php\/wp-json\/wp\/v2\/pages\/2707\/revisions\/3042"}],"wp:attachment":[{"href":"https:\/\/hestia-homecare.com\/index.php\/wp-json\/wp\/v2\/media?parent=2707"}],"curies":[{"name":"wp","href":"https:\/\/api.w.org\/{rel}","templated":true}]}}