{"id":1393,"date":"2022-04-21T11:26:28","date_gmt":"2022-04-21T11:26:28","guid":{"rendered":"https:\/\/hestia-homecare.com\/index.php\/about\/"},"modified":"2025-03-19T11:13:19","modified_gmt":"2025-03-19T10:13:19","slug":"about","status":"publish","type":"page","link":"https:\/\/hestia-homecare.com\/index.php\/about\/","title":{"rendered":"About"},"content":{"rendered":"\n<div class=\"wp-block-uagb-advanced-heading uagb-block-d4aedf65\"><h6 class=\"uagb-heading-text\">k<\/h6><\/div>\n\n\n\n<div class=\"wp-block-uagb-container uagb-block-8711f350 alignfull uagb-is-root-container\"><div class=\"uagb-container-inner-blocks-wrap\">\n<div class=\"wp-block-uagb-advanced-heading uagb-block-e8c0982c\"><p class=\"uagb-desc-text\"><strong>A PROPOS DE NOUS<\/strong><\/p><h1 class=\"uagb-heading-text\">Nous sommes l\u00e0 pour vous aider \u00e0 choisir entre sous location et conciergerie<\/h1><\/div>\n\n\n\n<div class=\"wp-block-uagb-container uagb-block-52ea7854\">\n<div class=\"wp-block-uagb-container uagb-block-6e07eccd\">\n<div class=\"wp-block-uagb-image alignleft uagb-block-98b4db5d wp-block-uagb-image--layout-default wp-block-uagb-image--effect-static wp-block-uagb-image--align-left\"><figure class=\"wp-block-uagb-image__figure\"><img decoding=\"async\" srcset=\"https:\/\/hestia-homecare.com\/wp-content\/uploads\/2023\/06\/depositphotos_169065136-stock-photo-modern-apartment-interior-1.webp \" sizes=\"auto, (max-width: 480px) 150px\" src=\"https:\/\/hestia-homecare.com\/wp-content\/uploads\/2023\/06\/depositphotos_169065136-stock-photo-modern-apartment-interior-1.webp\" alt=\"\" class=\"uag-image-2875\" width=\"600\" height=\"433\" title=\"\" loading=\"lazy\"\/><\/figure><\/div>\n<\/div>\n\n\n\n<div class=\"wp-block-uagb-container uagb-block-43af8bb0\">\n<div class=\"wp-block-uagb-advanced-heading uagb-block-92242f34\"><h3 class=\"uagb-heading-text\">Un amour de l&rsquo;immobilier partag\u00e9 depuis plusieurs ann\u00e9es.<\/h3><p class=\"uagb-desc-text\">Sephora et Marion se sont rencontr\u00e9es au travail.<br>De cette rencontre amicale est n\u00e9e l&rsquo;envie de d\u00e9velopper des connaissances autour de l&rsquo;ind\u00e9pendance financi\u00e8re et de l&rsquo;immobilier.<\/p><\/div>\n\n\n\n<p>De ces discussions a \u00e9merg\u00e9 HESTIA conciergerie et une v\u00e9ritable envie de transmettre leurs connaissances sur le sujet de l&rsquo;immobilier et de s&rsquo;investir sur ce secteur d&rsquo;activit\u00e9.<\/p>\n<\/div>\n<\/div>\n<\/div><\/div>\n\n\n\n<div class=\"wp-block-uagb-advanced-heading uagb-block-93cdc910\"><h6 class=\"uagb-heading-text\">Qui sommes-nous ?<\/h6><\/div>\n\n\n\n<div class=\"wp-block-uagb-container uagb-block-649d2156 alignfull uagb-is-root-container\"><div class=\"uagb-container-inner-blocks-wrap\">\n<div class=\"wp-block-uagb-container uagb-block-1445f171\">\n<div class=\"wp-block-uagb-advanced-heading uagb-block-6d4e828e\"><h2 class=\"uagb-heading-text\">Fondatrice &amp; Responsable commerciale<\/h2><p class=\"uagb-desc-text\">Depuis plus de 10 ans active dans l&rsquo;univers de la startup parisienne j&rsquo;ai eu envie de faire un grand virage afin de travailler dans un secteur qui m&rsquo;a toujours attir\u00e9 : l&rsquo;immobilier.<br>Mon r\u00f4le ? Vous accompagner dans votre r\u00e9flexion sur l&rsquo;optimisation de la rentabilit\u00e9 de votre bien.<br><br>Vous ne savez pas par o\u00f9 commencer ? Prenons rendez-vous ensemble : <a href=\"https:\/\/calendly.com\/hestia_conciergerie\/rendez-vous-de-decouverte-hestia-conciergerie-clone\">https:\/\/calendly.com\/hestia_conciergerie\/decouverte<\/a><\/p><\/div>\n<\/div>\n\n\n\n<div class=\"wp-block-uagb-container uagb-block-593701c0\">\n<div class=\"wp-block-uagb-image aligncenter uagb-block-f5f29974 wp-block-uagb-image--layout-default wp-block-uagb-image--effect-static wp-block-uagb-image--align-center\"><figure class=\"wp-block-uagb-image__figure\"><img decoding=\"async\" srcset=\"https:\/\/hestia-homecare.com\/wp-content\/uploads\/2023\/06\/1516377318511.jpeg \" sizes=\"auto, (max-width: 480px) 150px\" src=\"https:\/\/hestia-homecare.com\/wp-content\/uploads\/2023\/06\/1516377318511.jpeg\" alt=\"\" class=\"uag-image-2726\" width=\"200\" height=\"200\" title=\"\" loading=\"lazy\"\/><\/figure><\/div>\n<\/div>\n\n\n\n<div class=\"wp-block-uagb-container uagb-block-8a05a2fb\">\n<div class=\"wp-block-uagb-info-box uagb-block-536ba582 uagb-infobox__content-wrap  uagb-infobox-icon-above-title uagb-infobox-image-valign-top\"><div class=\"uagb-ifb-content\"><div class=\"uagb-ifb-icon-wrap\"><svg xmlns=\"https:\/\/www.w3.org\/2000\/svg\" viewBox=\"0 0 448 512\"><path d=\"M96 224C84.72 224 74.05 226.3 64 229.9V224c0-35.3 28.7-64 64-64c17.67 0 32-14.33 32-32S145.7 96 128 96C57.42 96 0 153.4 0 224v96c0 53.02 42.98 96 96 96s96-42.98 96-96S149 224 96 224zM352 224c-11.28 0-21.95 2.305-32 5.879V224c0-35.3 28.7-64 64-64c17.67 0 32-14.33 32-32s-14.33-32-32-32c-70.58 0-128 57.42-128 128v96c0 53.02 42.98 96 96 96s96-42.98 96-96S405 224 352 224z\"><\/path><\/svg><\/div><div class=\"uagb-ifb-title-wrap\"><p class=\"uagb-ifb-title\">Mon envie en cr\u00e9ant HESTIA est de conseiller des investisseurs immobiliers. <br>J&rsquo;ai achet\u00e9 un appartement r\u00e9cemment et je me suis pos\u00e9 les m\u00eames questions que vous.<br>Je trouve des solutions pour r\u00e9pondre \u00e0 vos besoins.<\/p><\/div><\/div><\/div>\n\n\n\n<div class=\"wp-block-uagb-info-box uagb-block-cb4da0c9 uagb-infobox__content-wrap  uagb-infobox-icon-above-title uagb-infobox-image-valign-top\"><div class=\"uagb-ifb-content\"><div class=\"uagb-ifb-image-content\"><img decoding=\"async\" src=\"http:\/\/hestia-homecare.com\/wp-content\/uploads\/2022\/03\/day-care-head-of-school-signature.png\" alt=\"\" width=\"\" height=\"0\" loading=\"lazy\"\/><\/div><div class=\"uagb-ifb-title-wrap\"><h5 class=\"uagb-ifb-title\">       Marion  <\/h5><\/div><\/div><\/div>\n<\/div>\n<\/div><\/div>\n\n\n\n<div class=\"wp-block-uagb-container uagb-block-dd4216b2 alignfull uagb-is-root-container\"><div class=\"uagb-container-inner-blocks-wrap\">\n<div class=\"wp-block-uagb-container uagb-block-fc922e6c\">\n<div class=\"wp-block-uagb-advanced-heading uagb-block-a6b2202e\"><h2 class=\"uagb-heading-text\">Fondatrice &amp; Responsable client\u00e8le<\/h2><p class=\"uagb-desc-text\">En tant qu&rsquo;ancienne freelance puis salari\u00e9e dans l&rsquo;univers de la tech, j&rsquo;ai toujours eu pour mission d&rsquo;accompagner mes clients de mani\u00e8re compl\u00e8te, que ce soit sur les aspects cr\u00e9atifs, administratifs ou financiers. <br><br>Mon r\u00f4le est de vous accompagner avec une communication transparente, s\u00e9r\u00e9nit\u00e9 et confiance. Mon objectif : un service de qualit\u00e9 pour votre satisfaction et la r\u00e9ussite de votre projet.<\/p><\/div>\n<\/div>\n\n\n\n<div class=\"wp-block-uagb-container uagb-block-434d570b\">\n<div class=\"wp-block-uagb-image aligncenter uagb-block-1eadc747 wp-block-uagb-image--layout-default wp-block-uagb-image--effect-static wp-block-uagb-image--align-center\"><figure class=\"wp-block-uagb-image__figure\"><img decoding=\"async\" srcset=\"https:\/\/hestia-homecare.com\/wp-content\/uploads\/2023\/07\/Photos-fondatrices-site-1-300x300.png \" sizes=\"auto, (max-width: 480px) 150px\" src=\"https:\/\/hestia-homecare.com\/wp-content\/uploads\/2023\/07\/Photos-fondatrices-site-1-300x300.png\" alt=\"\" class=\"uag-image-3091\" width=\"300\" height=\"300\" title=\"\" loading=\"lazy\"\/><\/figure><\/div>\n<\/div>\n\n\n\n<div class=\"wp-block-uagb-container uagb-block-50eb3113\">\n<div class=\"wp-block-uagb-info-box uagb-block-1b78ffdc uagb-infobox__content-wrap  uagb-infobox-icon-above-title uagb-infobox-image-valign-top\"><div class=\"uagb-ifb-content\"><div class=\"uagb-ifb-icon-wrap\"><svg xmlns=\"https:\/\/www.w3.org\/2000\/svg\" viewBox=\"0 0 448 512\"><path d=\"M96 224C84.72 224 74.05 226.3 64 229.9V224c0-35.3 28.7-64 64-64c17.67 0 32-14.33 32-32S145.7 96 128 96C57.42 96 0 153.4 0 224v96c0 53.02 42.98 96 96 96s96-42.98 96-96S149 224 96 224zM352 224c-11.28 0-21.95 2.305-32 5.879V224c0-35.3 28.7-64 64-64c17.67 0 32-14.33 32-32s-14.33-32-32-32c-70.58 0-128 57.42-128 128v96c0 53.02 42.98 96 96 96s96-42.98 96-96S405 224 352 224z\"><\/path><\/svg><\/div><div class=\"uagb-ifb-title-wrap\"><p class=\"uagb-ifb-title\">Ma mission est de prendre soin de vous et de vous accompagner dans votre projet. Forte de mon exp\u00e9rience dans le service client\u00e8le et de ma passion pour l&rsquo;immobilier, je suis d\u00e9termin\u00e9e \u00e0 \u00eatre votre partenaire de confiance tout au long de cette aventure passionnante.<\/p><\/div><\/div><\/div>\n\n\n\n<div class=\"wp-block-uagb-info-box uagb-block-a1501e40 uagb-infobox__content-wrap  uagb-infobox-icon-above-title uagb-infobox-image-valign-top\"><div class=\"uagb-ifb-content\"><div class=\"uagb-ifb-image-content\"><img decoding=\"async\" src=\"http:\/\/hestia-homecare.com\/wp-content\/uploads\/2022\/03\/day-care-head-of-school-signature.png\" alt=\"\" width=\"\" height=\"0\" loading=\"lazy\"\/><\/div><div class=\"uagb-ifb-title-wrap\"><h5 class=\"uagb-ifb-title\">      Sephora<\/h5><\/div><\/div><\/div>\n<\/div>\n<\/div><\/div>\n\n\n\n<div class=\"wp-block-uagb-advanced-heading uagb-block-e9ba11f8\"><h6 class=\"uagb-heading-text\">                                                     NOS VALEURS <\/h6><\/div>\n\n\n\n<div class=\"wp-block-uagb-container uagb-block-6ca8722f alignfull uagb-is-root-container\"><div class=\"uagb-container-inner-blocks-wrap\">\n<div class=\"wp-block-uagb-container uagb-block-07dcca78\">\n<div class=\"wp-block-uagb-info-box uagb-block-693b773a uagb-infobox__content-wrap  uagb-infobox-icon-above-title uagb-infobox-image-valign-top\"><div class=\"uagb-ifb-content\"><div class=\"uagb-ifb-icon-wrap\"><svg xmlns=\"https:\/\/www.w3.org\/2000\/svg\" viewBox=\"0 0 512 512\"><path d=\"M500.3 7.251C507.7 13.33 512 22.41 512 31.1V175.1C512 202.5 483.3 223.1 447.1 223.1C412.7 223.1 383.1 202.5 383.1 175.1C383.1 149.5 412.7 127.1 447.1 127.1V71.03L351.1 90.23V207.1C351.1 234.5 323.3 255.1 287.1 255.1C252.7 255.1 223.1 234.5 223.1 207.1C223.1 181.5 252.7 159.1 287.1 159.1V63.1C287.1 48.74 298.8 35.61 313.7 32.62L473.7 .6198C483.1-1.261 492.9 1.173 500.3 7.251H500.3zM74.66 303.1L86.5 286.2C92.43 277.3 102.4 271.1 113.1 271.1H174.9C185.6 271.1 195.6 277.3 201.5 286.2L213.3 303.1H239.1C266.5 303.1 287.1 325.5 287.1 351.1V463.1C287.1 490.5 266.5 511.1 239.1 511.1H47.1C21.49 511.1-.0019 490.5-.0019 463.1V351.1C-.0019 325.5 21.49 303.1 47.1 303.1H74.66zM143.1 359.1C117.5 359.1 95.1 381.5 95.1 407.1C95.1 434.5 117.5 455.1 143.1 455.1C170.5 455.1 191.1 434.5 191.1 407.1C191.1 381.5 170.5 359.1 143.1 359.1zM440.3 367.1H496C502.7 367.1 508.6 372.1 510.1 378.4C513.3 384.6 511.6 391.7 506.5 396L378.5 508C372.9 512.1 364.6 513.3 358.6 508.9C352.6 504.6 350.3 496.6 353.3 489.7L391.7 399.1H336C329.3 399.1 323.4 395.9 321 389.6C318.7 383.4 320.4 376.3 325.5 371.1L453.5 259.1C459.1 255 467.4 254.7 473.4 259.1C479.4 263.4 481.6 271.4 478.7 278.3L440.3 367.1zM116.7 219.1L19.85 119.2C-8.112 90.26-6.614 42.31 24.85 15.34C51.82-8.137 93.26-3.642 118.2 21.83L128.2 32.32L137.7 21.83C162.7-3.642 203.6-8.137 231.6 15.34C262.6 42.31 264.1 90.26 236.1 119.2L139.7 219.1C133.2 225.6 122.7 225.6 116.7 219.1H116.7z\"><\/path><\/svg><\/div><div class=\"uagb-ifb-title-wrap\"><h4 class=\"uagb-ifb-title\">\u00c9coute <\/h4><\/div><p class=\"uagb-ifb-desc\">C&rsquo;est l&rsquo;une de nos valeurs fondamentales ! Nous vous proposons des solutions adapt\u00e9es \u00e0 vos besoins.<\/p><\/div><\/div>\n<\/div>\n\n\n\n<div class=\"wp-block-uagb-container uagb-block-b99620e7\">\n<div class=\"wp-block-uagb-info-box uagb-block-7d7f9681 uagb-infobox__content-wrap  uagb-infobox-icon-above-title uagb-infobox-image-valign-top\"><div class=\"uagb-ifb-content\"><div class=\"uagb-ifb-icon-wrap\"><svg xmlns=\"https:\/\/www.w3.org\/2000\/svg\" viewBox=\"0 0 576 512\"><path d=\"M275.2 250.5c7 7.375 18.5 7.375 25.5 0l108.1-114.2c31.5-33.12 29.72-88.1-5.65-118.7c-30.88-26.75-76.75-21.9-104.9 7.724L287.1 36.91L276.8 25.28C248.7-4.345 202.7-9.194 171.1 17.56C136.7 48.18 134.7 103.2 166.4 136.3L275.2 250.5zM568.2 336.3c-13.12-17.81-38.14-21.66-55.93-8.469l-119.7 88.17h-120.6c-8.748 0-15.1-7.25-15.1-15.1c0-8.746 7.25-15.1 15.1-15.1h78.25c15.1 0 30.75-10.87 33.37-26.62c3.25-19.1-12.12-37.37-31.62-37.37H191.1c-26.1 0-53.12 9.25-74.12 26.25l-46.5 37.74l-55.37-.0253c-8.748 0-15.1 7.275-15.1 16.02L.0001 496C.0001 504.8 7.251 512 15.1 512h346.1c22.03 0 43.92-7.187 61.7-20.28l135.1-99.51C577.5 379.1 581.3 354.1 568.2 336.3z\"><\/path><\/svg><\/div><div class=\"uagb-ifb-title-wrap\"><h4 class=\"uagb-ifb-title\">Service<\/h4><\/div><p class=\"uagb-ifb-desc\">Notre objectif : \u00eatre au service de vos h\u00f4tes. C&rsquo;est la qualit\u00e9 de ce service qui valorisera votre bien <\/p><\/div><\/div>\n<\/div>\n\n\n\n<div class=\"wp-block-uagb-container uagb-block-3a260de7\">\n<div class=\"wp-block-uagb-info-box uagb-block-acb79f6f uagb-infobox__content-wrap  uagb-infobox-icon-above-title uagb-infobox-image-valign-top\"><div class=\"uagb-ifb-content\"><div class=\"uagb-ifb-icon-wrap\"><svg xmlns=\"https:\/\/www.w3.org\/2000\/svg\" viewBox=\"0 0 512 512\"><path d=\"M0 190.9V185.1C0 115.2 50.52 55.58 119.4 44.1C164.1 36.51 211.4 51.37 244 84.02L256 96L267.1 84.02C300.6 51.37 347 36.51 392.6 44.1C461.5 55.58 512 115.2 512 185.1V190.9C512 232.4 494.8 272.1 464.4 300.4L283.7 469.1C276.2 476.1 266.3 480 256 480C245.7 480 235.8 476.1 228.3 469.1L47.59 300.4C17.23 272.1 .0003 232.4 .0003 190.9L0 190.9z\"><\/path><\/svg><\/div><div class=\"uagb-ifb-title-wrap\"><h4 class=\"uagb-ifb-title\">R\u00e9activit\u00e9<\/h4><\/div><p class=\"uagb-ifb-desc\">Il est important pour nous d&rsquo;\u00eatre r\u00e9actifs, avec vous mais aussi avec vos h\u00f4tes.<br>R\u00e9activit\u00e9 et excellence.<\/p><\/div><\/div>\n<\/div>\n\n\n\n<div class=\"wp-block-uagb-container uagb-block-92251394\">\n<div class=\"wp-block-uagb-info-box uagb-block-a6405740 uagb-infobox__content-wrap  uagb-infobox-icon-above-title uagb-infobox-image-valign-top\"><div class=\"uagb-ifb-content\"><div class=\"uagb-ifb-icon-wrap\"><svg xmlns=\"https:\/\/www.w3.org\/2000\/svg\" viewBox=\"0 0 640 512\"><path d=\"M128 95.1c26.5 0 47.1-21.5 47.1-47.1S154.5 0 128 0S80.01 21.5 80.01 47.1S101.5 95.1 128 95.1zM511.1 95.1c26.5 0 47.1-21.5 47.1-47.1S538.5 0 511.1 0c-26.5 0-48 21.5-48 47.1S485.5 95.1 511.1 95.1zM603.5 258.3l-18.5-80.13c-4.625-20-18.62-36.88-37.5-44.88c-18.5-8-38.1-6.75-56.12 3.25c-22.62 13.38-39.62 34.5-48.12 59.38l-11.25 33.88l-15.1 10.25L415.1 144c0-8.75-7.25-16-16-16H240c-8.75 0-16 7.25-16 16L224 239.1l-16.12-10.25l-11.25-33.88c-8.375-25-25.38-46-48.12-59.38c-17.25-10-37.63-11.25-56.12-3.25c-18.88 8-32.88 24.88-37.5 44.88l-18.37 80.13c-4.625 20 .7506 41.25 14.37 56.75l67.25 75.88l10.12 92.63C130 499.8 143.8 512 160 512c1.25 0 2.25-.125 3.5-.25c17.62-1.875 30.25-17.62 28.25-35.25l-10-92.75c-1.5-13-7-25.12-15.62-35l-43.37-49l17.62-70.38l6.876 20.38c4 12.5 11.87 23.5 24.5 32.63l51 32.5c4.623 2.875 12.12 4.625 17.25 5h159.1c5.125-.375 12.62-2.125 17.25-5l51-32.5c12.62-9.125 20.5-20 24.5-32.63l6.875-20.38l17.63 70.38l-43.37 49c-8.625 9.875-14.12 22-15.62 35l-10 92.75c-2 17.62 10.75 33.38 28.25 35.25C477.7 511.9 478.7 512 479.1 512c16.12 0 29.1-12.12 31.75-28.5l10.12-92.63L589.1 315C602.7 299.5 608.1 278.3 603.5 258.3zM46.26 358.1l-44 110c-6.5 16.38 1.5 35 17.88 41.63c16.75 6.5 35.12-1.75 41.62-17.88l27.62-69.13l-2-18.25L46.26 358.1zM637.7 468.1l-43.1-110l-41.13 46.38l-2 18.25l27.62 69.13C583.2 504.4 595.2 512 607.1 512c3.998 0 7.998-.75 11.87-2.25C636.2 503.1 644.2 484.5 637.7 468.1z\"><\/path><\/svg><\/div><div class=\"uagb-ifb-title-wrap\"><h4 class=\"uagb-ifb-title\">Transparence<\/h4><\/div><p class=\"uagb-ifb-desc\">Tous les mois  recevez un compte rendu d\u00e9taill\u00e9 de l&rsquo;activit\u00e9 de vos appartements.<\/p><\/div><\/div>\n<\/div>\n<\/div><\/div>\n\n\n\n<div class=\"wp-block-uagb-container uagb-block-9bf47469 alignfull uagb-is-root-container\"><div class=\"uagb-container-inner-blocks-wrap\">\n<div class=\"wp-block-uagb-container uagb-block-9ce6bb50\">\n<div class=\"wp-block-uagb-container uagb-block-f1e9dc46\">\n<div class=\"wp-block-uagb-advanced-heading uagb-block-07890cd4\"><h6 class=\"uagb-heading-text\">Vision<\/h6><\/div>\n<\/div>\n\n\n\n<div class=\"wp-block-uagb-container uagb-block-edb2cf7a\">\n<div class=\"wp-block-uagb-advanced-heading uagb-block-36304928\"><p class=\"uagb-heading-text\">HESTIA aide les propri\u00e9taires de biens sur Bordeaux et alentours \u00e0 trouver la strat\u00e9gie de rentabilit\u00e9 qui convient le mieux \u00e0 leurs objectifs et \u00e0 leurs biens.<\/p><\/div>\n<\/div>\n<\/div>\n\n\n\n<div class=\"wp-block-uagb-container uagb-block-0698b9bd\">\n<div class=\"wp-block-uagb-container uagb-block-7477ee42\">\n<div class=\"wp-block-uagb-advanced-heading uagb-block-3cae7e14\"><h6 class=\"uagb-heading-text\">Mission<\/h6><\/div>\n<\/div>\n\n\n\n<div class=\"wp-block-uagb-container uagb-block-82ab958b\">\n<div class=\"wp-block-uagb-advanced-heading uagb-block-aaffce61\"><p class=\"uagb-heading-text\">Proposer les meilleurs solutions pour rendre les investissements immobiliers plus performants.<\/p><\/div>\n<\/div>\n<\/div>\n<\/div><\/div>\n\n\n\n<div class=\"wp-block-uagb-advanced-heading uagb-block-5dc6132e\"><h6 class=\"uagb-heading-text\">                                                     NOS clients en parlent le mieux ! <\/h6><\/div>\n\n\n\n<div class=\"wp-block-uagb-container uagb-block-4b4e56a3 alignfull uagb-is-root-container\"><div class=\"uagb-container-inner-blocks-wrap\">\n<div class=\"wp-block-uagb-container uagb-block-6828407d\">\n<div class=\"wp-block-uagb-container uagb-block-d2bc80b8\">\n<div class=\"wp-block-uagb-image uagb-block-3efaaf40 wp-block-uagb-image--layout-default wp-block-uagb-image--effect-static wp-block-uagb-image--align-none\"><figure class=\"wp-block-uagb-image__figure\"><img decoding=\"async\" srcset=\"http:\/\/hestia-homecare.com\/wp-content\/uploads\/2023\/07\/356799501_967154454561127_5176669837696882076_n-768x1024.jpg \" sizes=\"auto, (max-width: 480px) 150px\" src=\"http:\/\/hestia-homecare.com\/wp-content\/uploads\/2023\/07\/356799501_967154454561127_5176669837696882076_n-768x1024.jpg\" alt=\"\" class=\"uag-image-3073\" width=\"768\" height=\"1024\" title=\"\" loading=\"lazy\"\/><\/figure><\/div>\n<\/div>\n\n\n\n<div class=\"wp-block-uagb-container uagb-block-4a5b842b\">\n<div class=\"wp-block-uagb-info-box uagb-block-90fe24d8 uagb-infobox__content-wrap  uagb-infobox-icon-above-title uagb-infobox-image-valign-top\"><div class=\"uagb-ifb-content\"><div class=\"uagb-ifb-icon-wrap\"><svg xmlns=\"https:\/\/www.w3.org\/2000\/svg\" viewBox=\"0 0 448 512\"><path d=\"M96 224C84.72 224 74.05 226.3 64 229.9V224c0-35.3 28.7-64 64-64c17.67 0 32-14.33 32-32S145.7 96 128 96C57.42 96 0 153.4 0 224v96c0 53.02 42.98 96 96 96s96-42.98 96-96S149 224 96 224zM352 224c-11.28 0-21.95 2.305-32 5.879V224c0-35.3 28.7-64 64-64c17.67 0 32-14.33 32-32s-14.33-32-32-32c-70.58 0-128 57.42-128 128v96c0 53.02 42.98 96 96 96s96-42.98 96-96S405 224 352 224z\"><\/path><\/svg><\/div><div class=\"uagb-ifb-title-wrap\"><p class=\"uagb-ifb-title\">J&rsquo;ai d\u00e9cid\u00e9 de travailler avec HESTIA car j&rsquo;ai beaucoup aim\u00e9 leur approche et leurs conseils. Sephora et Marion sont \u00e0 l&rsquo;\u00e9coute et proposent un service hyper complet !<\/p><\/div><p class=\"uagb-ifb-desc\">Manon VAN DER MEY<\/p><\/div><\/div>\n<\/div>\n<\/div>\n<\/div><\/div>\n\n\n\n<div class=\"wp-block-uagb-container uagb-block-2c876005 alignfull uagb-is-root-container\"><div class=\"uagb-container-inner-blocks-wrap\">\n<div class=\"wp-block-uagb-info-box uagb-block-5729c40d uagb-infobox__content-wrap  uagb-infobox-icon-above-title uagb-infobox-image-valign-top\"><div class=\"uagb-ifb-content\"><div class=\"uagb-ifb-title-wrap\"><h1 class=\"uagb-ifb-title\">Une conciergerie mais pas que !<\/h1><\/div><p class=\"uagb-ifb-desc\">Du conseil et de l&rsquo;accompagnement pour optimiser vos rendements !<\/p><div class=\"uagb-ifb-button-wrapper wp-block-button\"><a href=\"https:\/\/calendly.com\/hestia_conciergerie\/decouverte\" class=\"uagb-infobox-cta-link wp-block-button__link\" target=\"_self\" rel=\"noopener noreferrer\" onclick=\"return true;\" alt=\"\"><span class=\"uagb-inline-editing\">Prendre rendez-vous <\/span><\/a><\/div><\/div><\/div>\n<\/div><\/div>\n","protected":false},"excerpt":{"rendered":"<p>k A PROPOS DE NOUS Nous sommes l\u00e0 pour vous aider \u00e0 choisir entre sous location et conciergerie Un amour de l&rsquo;immobilier partag\u00e9 depuis plusieurs ann\u00e9es. Sephora et Marion se sont rencontr\u00e9es au travail.De cette rencontre amicale est n\u00e9e l&rsquo;envie de d\u00e9velopper des connaissances autour de l&rsquo;ind\u00e9pendance financi\u00e8re et de l&rsquo;immobilier. De ces discussions a &hellip;<\/p>\n<p class=\"read-more\"> <a class=\"\" href=\"https:\/\/hestia-homecare.com\/index.php\/about\/\"> <span class=\"screen-reader-text\">About<\/span> Lire la suite\u00a0\u00bb<\/a><\/p>\n","protected":false},"author":1,"featured_media":0,"parent":0,"menu_order":0,"comment_status":"closed","ping_status":"closed","template":"","meta":{"_uag_custom_page_level_css":"","_monsterinsights_skip_tracking":false,"_monsterinsights_sitenote_active":false,"_monsterinsights_sitenote_note":"","_monsterinsights_sitenote_category":0,"site-sidebar-layout":"no-sidebar","site-content-layout":"page-builder","ast-global-header-display":"","ast-banner-title-visibility":"","ast-main-header-display":"","ast-hfb-above-header-display":"","ast-hfb-below-header-display":"","ast-hfb-mobile-header-display":"","site-post-title":"disabled","ast-breadcrumbs-content":"","ast-featured-img":"disabled","footer-sml-layout":"","theme-transparent-header-meta":"enabled","adv-header-id-meta":"","stick-header-meta":"","header-above-stick-meta":"","header-main-stick-meta":"","header-below-stick-meta":"","footnotes":""},"class_list":["post-1393","page","type-page","status-publish","hentry"],"uagb_featured_image_src":{"full":false,"thumbnail":false,"medium":false,"medium_large":false,"large":false,"1536x1536":false,"2048x2048":false,"woocommerce_thumbnail":false,"woocommerce_single":false,"woocommerce_gallery_thumbnail":false},"uagb_author_info":{"display_name":"admin7849","author_link":"https:\/\/hestia-homecare.com\/index.php\/author\/admin7849\/"},"uagb_comment_info":0,"uagb_excerpt":"k A PROPOS DE NOUS Nous sommes l\u00e0 pour vous aider \u00e0 choisir entre sous location et conciergerie Un amour de l&rsquo;immobilier partag\u00e9 depuis plusieurs ann\u00e9es. Sephora et Marion se sont rencontr\u00e9es au travail.De cette rencontre amicale est n\u00e9e l&rsquo;envie de d\u00e9velopper des connaissances autour de l&rsquo;ind\u00e9pendance financi\u00e8re et de l&rsquo;immobilier. De ces discussions a\u2026","_links":{"self":[{"href":"https:\/\/hestia-homecare.com\/index.php\/wp-json\/wp\/v2\/pages\/1393","targetHints":{"allow":["GET"]}}],"collection":[{"href":"https:\/\/hestia-homecare.com\/index.php\/wp-json\/wp\/v2\/pages"}],"about":[{"href":"https:\/\/hestia-homecare.com\/index.php\/wp-json\/wp\/v2\/types\/page"}],"author":[{"embeddable":true,"href":"https:\/\/hestia-homecare.com\/index.php\/wp-json\/wp\/v2\/users\/1"}],"replies":[{"embeddable":true,"href":"https:\/\/hestia-homecare.com\/index.php\/wp-json\/wp\/v2\/comments?post=1393"}],"version-history":[{"count":31,"href":"https:\/\/hestia-homecare.com\/index.php\/wp-json\/wp\/v2\/pages\/1393\/revisions"}],"predecessor-version":[{"id":3342,"href":"https:\/\/hestia-homecare.com\/index.php\/wp-json\/wp\/v2\/pages\/1393\/revisions\/3342"}],"wp:attachment":[{"href":"https:\/\/hestia-homecare.com\/index.php\/wp-json\/wp\/v2\/media?parent=1393"}],"curies":[{"name":"wp","href":"https:\/\/api.w.org\/{rel}","templated":true}]}}