{"id":1390,"date":"2022-04-21T11:26:01","date_gmt":"2022-04-21T09:26:01","guid":{"rendered":"https:\/\/hestia-homecare.com\/index.php\/home\/"},"modified":"2025-05-29T18:00:18","modified_gmt":"2025-05-29T16:00:18","slug":"accueil-3","status":"publish","type":"page","link":"https:\/\/hestia-homecare.com\/","title":{"rendered":"Accueil"},"content":{"rendered":"\n<div class=\"wp-block-uagb-container uagb-block-b10a4148 alignfull uagb-is-root-container\"><div class=\"uagb-container-inner-blocks-wrap\">\n<div class=\"wp-block-uagb-container uagb-block-17168c74\">\n<div class=\"wp-block-uagb-info-box uagb-block-47b005b3 uagb-infobox__content-wrap  uagb-infobox-icon-above-title uagb-infobox-image-valign-top\"><div class=\"uagb-ifb-content\"><div class=\"uagb-ifb-title-wrap\"><span class=\"uagb-ifb-title-prefix\">Confiez vos cl\u00e9s \u00e0 des experts <\/span><h1 class=\"uagb-ifb-title\">Et si la location devenait simple comme bienvenue ? <\/h1><\/div><p class=\"uagb-ifb-desc\">Nous vous conseillons pour optimiser le revenu de votre investissement immobilier.<\/p><\/div><\/div>\n\n\n\n<div class=\"wp-block-uagb-container uagb-block-bc1ff9bd\">\n<div class=\"wp-block-uagb-container uagb-block-0036125b\">\n<div class=\"wp-block-uagb-buttons uagb-buttons__outer-wrap uagb-btn__default-btn uagb-btn-tablet__default-btn uagb-btn-mobile__default-btn uagb-block-bdb94f29\"><div class=\"uagb-buttons__wrap uagb-buttons-layout-wrap\">\n<div class=\"wp-block-uagb-buttons-child uagb-buttons__outer-wrap uagb-block-f7100b75 wp-block-button\"><div class=\"uagb-button__wrapper\"><a class=\"uagb-buttons-repeater wp-block-button__link\" href=\"https:\/\/calendly.com\/hestia_conciergerie\/decouverte\" onclick=\"return true;\" rel=\"follow noopener\" target=\"_self\"><div class=\"uagb-button__link\">Prendre rendez-vous <\/div><\/a><\/div><\/div>\n<\/div><\/div>\n<\/div>\n\n\n\n<div class=\"wp-block-uagb-container uagb-block-bc01ab05\">\n<div class=\"wp-block-uagb-star-rating uagb-block-70a1fad7\"><div class=\"uag-star-rating\" title=\"5\/5\"><span class=\"uag-star\">\u2605<\/span><span class=\"uag-star\">\u2605<\/span><span class=\"uag-star\">\u2605<\/span><span class=\"uag-star\">\u2605<\/span><span class=\"uag-star\">\u2605<\/span><\/div><\/div>\n\n\n\n<div class=\"wp-block-uagb-advanced-heading uagb-block-751e7c5e\"><p class=\"uagb-heading-text\">   5 sur Google<\/p><\/div>\n<\/div>\n<\/div>\n\n\n\n<div class=\"wp-block-uagb-info-box uagb-block-08d1f14f uagb-infobox__content-wrap  uagb-infobox-icon-left uagb-infobox-left uagb-infobox-image-valign-middle\"><div class=\"uagb-ifb-icon-wrap\"><div class=\"uagb-iconbox-icon-wrap uagb-infobox-shape-circle\"><svg xmlns=\"https:\/\/www.w3.org\/2000\/svg\" viewBox=\"0 0 512 512\"><path d=\"M18.92 351.2l108.5-46.52c12.78-5.531 27.77-1.801 36.45 8.98l44.09 53.82c69.25-34 125.5-90.31 159.5-159.5l-53.81-44.04c-10.75-8.781-14.41-23.69-8.974-36.47l46.51-108.5c6.094-13.91 21.1-21.52 35.79-18.11l100.8 23.25c14.25 3.25 24.22 15.8 24.22 30.46c0 252.3-205.2 457.5-457.5 457.5c-14.67 0-27.18-9.968-30.45-24.22l-23.25-100.8C-2.571 372.4 5.018 357.2 18.92 351.2z\"><\/path><\/svg><\/div><\/div><div class=\"uagb-ifb-content\"><div class=\"uagb-ifb-title-wrap\"><h5 class=\"uagb-ifb-title\">07 45 23 64 19<\/h5><\/div><\/div><\/div>\n<\/div>\n\n\n\n<div class=\"wp-block-uagb-container uagb-block-08930e97\"><\/div>\n<\/div><\/div>\n\n\n\n<div class=\"wp-block-uagb-container uagb-block-e99cba6b alignfull uagb-is-root-container\"><div class=\"uagb-container-inner-blocks-wrap\">\n<div class=\"wp-block-uagb-container uagb-block-ad307e1d\">\n<div class=\"wp-block-uagb-image aligncenter uagb-block-050d3fb5 wp-block-uagb-image--layout-default wp-block-uagb-image--effect-static wp-block-uagb-image--align-center\"><figure class=\"wp-block-uagb-image__figure\"><img decoding=\"async\" srcset=\"https:\/\/hestia-homecare.com\/wp-content\/uploads\/2023\/06\/iStock-1239753049.jpg \" sizes=\"auto, (max-width: 480px) 150px\" src=\"https:\/\/hestia-homecare.com\/wp-content\/uploads\/2023\/06\/iStock-1239753049.jpg\" alt=\"\" class=\"uag-image-2637\" width=\"724\" height=\"483\" title=\"\" loading=\"lazy\"\/><\/figure><\/div>\n<\/div>\n\n\n\n<div class=\"wp-block-uagb-container uagb-block-ed1100e1\">\n<div class=\"wp-block-uagb-info-box uagb-block-a362a092 uagb-infobox__content-wrap  uagb-infobox-icon-above-title uagb-infobox-image-valign-top\"><div class=\"uagb-ifb-content\"><div class=\"uagb-ifb-title-wrap\"><span class=\"uagb-ifb-title-prefix\">A PROPOS<\/span><h2 class=\"uagb-ifb-title\">Nous sommes l\u00e0 pour vous aider<\/h2><\/div><p class=\"uagb-ifb-desc\"><strong>Notre objectif :&nbsp;<\/strong>Vous aider \u00e0 d\u00e9terminer la meilleure mani\u00e8re d\u2019optimiser votre investissement immobilier.<br>2 solutions : la sous location professionnelle ou la conciergerie.<br><br><strong>Comment cela se passe-t-il ?<\/strong>&nbsp;Nous vous offrons 30 minutes avec un expert afin de dresser un bilan de votre situation. Nous vous proposons des solutions adapt\u00e9s \u00e0 vos finances et vos envies.<\/p><div class=\"uagb-ifb-button-wrapper wp-block-button\"><a href=\"https:\/\/calendly.com\/hestia_conciergerie\/decouverte\" class=\"uagb-infobox-cta-link wp-block-button__link\" target=\"_self\" rel=\"noopener noreferrer\" onclick=\"return true;\" alt=\"\"><span class=\"uagb-inline-editing\">Prendre rendez-vous<\/span><\/a><\/div><\/div><\/div>\n<\/div>\n<\/div><\/div>\n\n\n\n<div class=\"wp-block-uagb-container uagb-block-6ad0e2fc alignfull uagb-is-root-container\"><div class=\"uagb-container-inner-blocks-wrap\">\n<div class=\"wp-block-uagb-container uagb-block-4b14f228\">\n<div class=\"wp-block-uagb-advanced-heading uagb-block-0103f826\"><p class=\"uagb-desc-text\">Investissement immo<\/p><h2 class=\"uagb-heading-text\">Comment Optimiser votre investissement immobilier ? <\/h2><\/div>\n\n\n\n<div class=\"wp-block-uagb-container uagb-block-5f98bc5d\">\n<div class=\"wp-block-uagb-container uagb-block-d085cdae\">\n<div class=\"wp-block-uagb-info-box uagb-block-822cb7d1 uagb-infobox__content-wrap  uagb-infobox-icon-above-title uagb-infobox-image-valign-top\"><div class=\"uagb-ifb-content\"><div class=\"uagb-ifb-title-wrap\"><span class=\"uagb-ifb-title-prefix\">01<\/span><h3 class=\"uagb-ifb-title\">La Sous location <\/h3><\/div><p class=\"uagb-ifb-desc\">HESTIA devient votre locataire et vous verse votre loyer tous les 05 du mois.<\/p><div class=\"uagb-ifb-separator\"><\/div><\/div><\/div>\n\n\n\n<div class=\"wp-block-buttons is-content-justification-center is-layout-flex wp-container-core-buttons-is-layout-a89b3969 wp-block-buttons-is-layout-flex\">\n<div class=\"wp-block-button\"><a class=\"wp-block-button__link wp-element-button\" href=\"https:\/\/souslocation33.fr\/\">En savoir plus<\/a><\/div>\n<\/div>\n<\/div>\n\n\n\n<div class=\"wp-block-uagb-container uagb-block-80fffccc\">\n<div class=\"wp-block-uagb-info-box uagb-block-16ae7d5f uagb-infobox__content-wrap  uagb-infobox-icon-above-title uagb-infobox-image-valign-top\"><div class=\"uagb-ifb-content\"><div class=\"uagb-ifb-title-wrap\"><span class=\"uagb-ifb-title-prefix\">02<\/span><h3 class=\"uagb-ifb-title\">La conciergerie<\/h3><\/div><p class=\"uagb-ifb-desc\">Confiez-nous les cl\u00e9s de votre bien et laissez-nous prendre soin de vos invit\u00e9s.<\/p><div class=\"uagb-ifb-separator\"><\/div><\/div><\/div>\n\n\n\n<div class=\"wp-block-buttons alignwide is-content-justification-center is-layout-flex wp-container-core-buttons-is-layout-a89b3969 wp-block-buttons-is-layout-flex\">\n<div class=\"wp-block-button\"><a class=\"wp-block-button__link has-text-align-center wp-element-button\" href=\"https:\/\/hestia-homecare.com\/index.php\/proprietaire-residence-principale-bordeaux\/\">En savoir plus<\/a><\/div>\n<\/div>\n<\/div>\n<\/div>\n\n\n\n<div class=\"wp-block-uagb-advanced-heading uagb-block-6a655d0f\"><p class=\"uagb-heading-text\">Vous souhaitez l&rsquo;avis d&rsquo;un expert pour vous guider dans votre choix ? <\/p><\/div>\n\n\n\n<div class=\"wp-block-uagb-buttons uagb-buttons__outer-wrap uagb-btn__default-btn uagb-btn-tablet__default-btn uagb-btn-mobile__default-btn uagb-block-99e8fddc\"><div class=\"uagb-buttons__wrap uagb-buttons-layout-wrap\">\n<div class=\"wp-block-uagb-buttons-child uagb-buttons__outer-wrap uagb-block-5d344a76 wp-block-button is-style-outline\"><div class=\"uagb-button__wrapper\"><a class=\"uagb-buttons-repeater wp-block-button__link\" href=\"https:\/\/calendly.com\/hestia_conciergerie\/decouverte\" onclick=\"return true;\" rel=\"follow noopener\" target=\"_self\"><div class=\"uagb-button__link\">Prendre rendez-vous<\/div><\/a><\/div><\/div>\n<\/div><\/div>\n\n\n\n<div class=\"wp-block-uagb-container uagb-block-b742cae5\">\n<div class=\"wp-block-uagb-container uagb-block-b1a03f01\">\n<div class=\"wp-block-uagb-info-box uagb-block-6c910ba1 uagb-infobox__content-wrap  uagb-infobox-icon-above-title uagb-infobox-image-valign-top\"><div class=\"uagb-ifb-content\"><div class=\"uagb-ifb-title-wrap\"><span class=\"uagb-ifb-title-prefix\">Pourquoi Nous ? <\/span><h2 class=\"uagb-ifb-title\">Des valeurs fortes<br><\/h2><\/div><p class=\"uagb-ifb-desc\">Ce qui nous tient \u00e0 c\u0153ur chez HESTIA c\u2019est votre satisfaction mais aussi celle de vos h\u00f4tes ou locataires.<br><\/p><\/div><\/div>\n\n\n\n<div class=\"wp-block-uagb-icon-list uagb-block-332d909e\"><div class=\"uagb-icon-list__wrap\">\n<div class=\"wp-block-uagb-icon-list-child uagb-block-85ea4ddb\"><span class=\"uagb-icon-list__source-wrap\"><svg xmlns=\"https:\/\/www.w3.org\/2000\/svg\" viewBox=\"0 0 448 512\"><path d=\"M438.6 105.4C451.1 117.9 451.1 138.1 438.6 150.6L182.6 406.6C170.1 419.1 149.9 419.1 137.4 406.6L9.372 278.6C-3.124 266.1-3.124 245.9 9.372 233.4C21.87 220.9 42.13 220.9 54.63 233.4L159.1 338.7L393.4 105.4C405.9 92.88 426.1 92.88 438.6 105.4H438.6z\"><\/path><\/svg><\/span><span class=\"uagb-icon-list__label\">Une approche humaine<\/span><\/div>\n\n\n\n<div class=\"wp-block-uagb-icon-list-child uagb-block-b1cad6c1\"><span class=\"uagb-icon-list__source-wrap\"><svg xmlns=\"https:\/\/www.w3.org\/2000\/svg\" viewBox=\"0 0 448 512\"><path d=\"M438.6 105.4C451.1 117.9 451.1 138.1 438.6 150.6L182.6 406.6C170.1 419.1 149.9 419.1 137.4 406.6L9.372 278.6C-3.124 266.1-3.124 245.9 9.372 233.4C21.87 220.9 42.13 220.9 54.63 233.4L159.1 338.7L393.4 105.4C405.9 92.88 426.1 92.88 438.6 105.4H438.6z\"><\/path><\/svg><\/span><span class=\"uagb-icon-list__label\">Une \u00e9quipe passionn\u00e9e<\/span><\/div>\n\n\n\n<div class=\"wp-block-uagb-icon-list-child uagb-block-05416901\"><span class=\"uagb-icon-list__source-wrap\"><svg xmlns=\"https:\/\/www.w3.org\/2000\/svg\" viewBox=\"0 0 448 512\"><path d=\"M438.6 105.4C451.1 117.9 451.1 138.1 438.6 150.6L182.6 406.6C170.1 419.1 149.9 419.1 137.4 406.6L9.372 278.6C-3.124 266.1-3.124 245.9 9.372 233.4C21.87 220.9 42.13 220.9 54.63 233.4L159.1 338.7L393.4 105.4C405.9 92.88 426.1 92.88 438.6 105.4H438.6z\"><\/path><\/svg><\/span><span class=\"uagb-icon-list__label\">Des salari\u00e9s \u00e0 votre \u00e9coute<\/span><\/div>\n<\/div><\/div>\n\n\n\n<div class=\"wp-block-uagb-buttons uagb-buttons__outer-wrap uagb-btn__default-btn uagb-btn-tablet__default-btn uagb-btn-mobile__default-btn uagb-block-fe5a0e42\"><div class=\"uagb-buttons__wrap uagb-buttons-layout-wrap\">\n<div class=\"wp-block-uagb-buttons-child uagb-buttons__outer-wrap uagb-block-5c443549 wp-block-button\"><div class=\"uagb-button__wrapper\"><a class=\"uagb-buttons-repeater wp-block-button__link\" href=\"http:\/\/hestia-homecare.com\/index.php\/about\/\" onclick=\"return true;\" rel=\"follow noopener\" target=\"_self\"><div class=\"uagb-button__link\">En savoir plus <\/div><\/a><\/div><\/div>\n<\/div><\/div>\n<\/div>\n\n\n\n<div class=\"wp-block-uagb-container uagb-block-d4e1a0b2\">\n<div class=\"wp-block-uagb-container uagb-block-2b1fd1a1\">\n<div class=\"wp-block-uagb-info-box uagb-block-3ddeea73 uagb-infobox__content-wrap  uagb-infobox-icon-above-title uagb-infobox-image-valign-top\"><div class=\"uagb-ifb-content\"><div class=\"uagb-ifb-icon-wrap\"><svg xmlns=\"https:\/\/www.w3.org\/2000\/svg\" viewBox=\"0 0 512 512\"><path d=\"M0 190.9V185.1C0 115.2 50.52 55.58 119.4 44.1C164.1 36.51 211.4 51.37 244 84.02L256 96L267.1 84.02C300.6 51.37 347 36.51 392.6 44.1C461.5 55.58 512 115.2 512 185.1V190.9C512 232.4 494.8 272.1 464.4 300.4L283.7 469.1C276.2 476.1 266.3 480 256 480C245.7 480 235.8 476.1 228.3 469.1L47.59 300.4C17.23 272.1 .0003 232.4 .0003 190.9L0 190.9z\"><\/path><\/svg><\/div><div class=\"uagb-ifb-title-wrap\"><h5 class=\"uagb-ifb-title\">R\u00e9activit\u00e9<\/h5><\/div><p class=\"uagb-ifb-desc\">Il est important pour nous d&rsquo;\u00eatre r\u00e9actifs, avec vous mais aussi avec vos h\u00f4tes.<br>R\u00e9activit\u00e9 et excellence.<\/p><\/div><\/div>\n<\/div>\n\n\n\n<div class=\"wp-block-uagb-container uagb-block-476d2823\">\n<div class=\"wp-block-uagb-info-box uagb-block-1c83862c uagb-infobox__content-wrap  uagb-infobox-icon-above-title uagb-infobox-image-valign-top\"><div class=\"uagb-ifb-content\"><div class=\"uagb-ifb-icon-wrap\"><svg xmlns=\"https:\/\/www.w3.org\/2000\/svg\" viewBox=\"0 0 512 512\"><path d=\"M500.3 7.251C507.7 13.33 512 22.41 512 31.1V175.1C512 202.5 483.3 223.1 447.1 223.1C412.7 223.1 383.1 202.5 383.1 175.1C383.1 149.5 412.7 127.1 447.1 127.1V71.03L351.1 90.23V207.1C351.1 234.5 323.3 255.1 287.1 255.1C252.7 255.1 223.1 234.5 223.1 207.1C223.1 181.5 252.7 159.1 287.1 159.1V63.1C287.1 48.74 298.8 35.61 313.7 32.62L473.7 .6198C483.1-1.261 492.9 1.173 500.3 7.251H500.3zM74.66 303.1L86.5 286.2C92.43 277.3 102.4 271.1 113.1 271.1H174.9C185.6 271.1 195.6 277.3 201.5 286.2L213.3 303.1H239.1C266.5 303.1 287.1 325.5 287.1 351.1V463.1C287.1 490.5 266.5 511.1 239.1 511.1H47.1C21.49 511.1-.0019 490.5-.0019 463.1V351.1C-.0019 325.5 21.49 303.1 47.1 303.1H74.66zM143.1 359.1C117.5 359.1 95.1 381.5 95.1 407.1C95.1 434.5 117.5 455.1 143.1 455.1C170.5 455.1 191.1 434.5 191.1 407.1C191.1 381.5 170.5 359.1 143.1 359.1zM440.3 367.1H496C502.7 367.1 508.6 372.1 510.1 378.4C513.3 384.6 511.6 391.7 506.5 396L378.5 508C372.9 512.1 364.6 513.3 358.6 508.9C352.6 504.6 350.3 496.6 353.3 489.7L391.7 399.1H336C329.3 399.1 323.4 395.9 321 389.6C318.7 383.4 320.4 376.3 325.5 371.1L453.5 259.1C459.1 255 467.4 254.7 473.4 259.1C479.4 263.4 481.6 271.4 478.7 278.3L440.3 367.1zM116.7 219.1L19.85 119.2C-8.112 90.26-6.614 42.31 24.85 15.34C51.82-8.137 93.26-3.642 118.2 21.83L128.2 32.32L137.7 21.83C162.7-3.642 203.6-8.137 231.6 15.34C262.6 42.31 264.1 90.26 236.1 119.2L139.7 219.1C133.2 225.6 122.7 225.6 116.7 219.1H116.7z\"><\/path><\/svg><\/div><div class=\"uagb-ifb-title-wrap\"><h5 class=\"uagb-ifb-title\">Ecoute<\/h5><\/div><p class=\"uagb-ifb-desc\">C&rsquo;est l&rsquo;une de nos valeurs fondamentales ! Nous vous proposons des solutions adapt\u00e9s \u00e0 vos besoins.<\/p><\/div><\/div>\n<\/div>\n<\/div>\n\n\n\n<div class=\"wp-block-uagb-container uagb-block-4d095b45\">\n<div class=\"wp-block-uagb-container uagb-block-50fa5d95\">\n<div class=\"wp-block-uagb-info-box uagb-block-bc1d10d4 uagb-infobox__content-wrap  uagb-infobox-icon-above-title uagb-infobox-image-valign-top\"><div class=\"uagb-ifb-content\"><div class=\"uagb-ifb-icon-wrap\"><svg xmlns=\"https:\/\/www.w3.org\/2000\/svg\" viewBox=\"0 0 512 512\"><path d=\"M0 256C0 114.6 114.6 0 256 0C397.4 0 512 114.6 512 256C512 397.4 397.4 512 256 512C114.6 512 0 397.4 0 256zM164.1 325.5C158.3 318.8 148.2 318.1 141.5 323.9C134.8 329.7 134.1 339.8 139.9 346.5C162.1 372.1 200.9 400 255.1 400C311.1 400 349.8 372.1 372.1 346.5C377.9 339.8 377.2 329.7 370.5 323.9C363.8 318.1 353.7 318.8 347.9 325.5C329.9 346.2 299.4 368 255.1 368C212.6 368 182 346.2 164.1 325.5H164.1zM176.4 176C158.7 176 144.4 190.3 144.4 208C144.4 225.7 158.7 240 176.4 240C194 240 208.4 225.7 208.4 208C208.4 190.3 194 176 176.4 176zM336.4 240C354 240 368.4 225.7 368.4 208C368.4 190.3 354 176 336.4 176C318.7 176 304.4 190.3 304.4 208C304.4 225.7 318.7 240 336.4 240z\"><\/path><\/svg><\/div><div class=\"uagb-ifb-title-wrap\"><h5 class=\"uagb-ifb-title\">Service<\/h5><\/div><p class=\"uagb-ifb-desc\">Notre objectif : \u00eatre au service de vos h\u00f4tes. C&rsquo;est la qualit\u00e9 de ce service qui valorisera votre bien <\/p><\/div><\/div>\n<\/div>\n\n\n\n<div class=\"wp-block-uagb-container uagb-block-ebc81d92\">\n<div class=\"wp-block-uagb-info-box uagb-block-28eaaa11 uagb-infobox__content-wrap  uagb-infobox-icon-above-title uagb-infobox-image-valign-top\"><div class=\"uagb-ifb-content\"><div class=\"uagb-ifb-icon-wrap\"><svg xmlns=\"https:\/\/www.w3.org\/2000\/svg\" viewBox=\"0 0 512 512\"><path d=\"M352 96C352 110.3 348.9 123.9 343.2 136.2L396 227.4C372.3 252.7 341.9 271.5 307.6 281L256 192H255.1L187.9 309.5C209.4 316.3 232.3 320 256 320C326.7 320 389.8 287.3 430.9 235.1C441.9 222.2 462.1 219.1 475.9 231C489.7 242.1 491.9 262.2 480.8 276C428.1 341.8 346.1 384 256 384C220.6 384 186.6 377.6 155.3 365.9L98.65 463.7C93.95 471.8 86.97 478.4 78.58 482.6L23.16 510.3C18.2 512.8 12.31 512.5 7.588 509.6C2.871 506.7 0 501.5 0 496V440.6C0 432.2 2.228 423.9 6.46 416.5L66.49 312.9C53.66 301.6 41.84 289.3 31.18 276C20.13 262.2 22.34 242.1 36.13 231C49.92 219.1 70.06 222.2 81.12 235.1C86.79 243.1 92.87 249.8 99.34 256.1L168.8 136.2C163.1 123.9 160 110.3 160 96C160 42.98 202.1 0 256 0C309 0 352 42.98 352 96L352 96zM256 128C273.7 128 288 113.7 288 96C288 78.33 273.7 64 256 64C238.3 64 224 78.33 224 96C224 113.7 238.3 128 256 128zM372.1 393.9C405.5 381.1 435.5 363.2 461.8 341L505.5 416.5C509.8 423.9 512 432.2 512 440.6V496C512 501.5 509.1 506.7 504.4 509.6C499.7 512.5 493.8 512.8 488.8 510.3L433.4 482.6C425 478.4 418.1 471.8 413.3 463.7L372.1 393.9z\"><\/path><\/svg><\/div><div class=\"uagb-ifb-title-wrap\"><h5 class=\"uagb-ifb-title\">Transparence<\/h5><\/div><p class=\"uagb-ifb-desc\">Tous les mois  recevez un compte rendu d\u00e9taill\u00e9 de l&rsquo;activit\u00e9 de vos appartements.<\/p><\/div><\/div>\n<\/div>\n<\/div>\n<\/div>\n<\/div>\n<\/div><\/div>\n\n\n\n<div class=\"wp-block-uagb-container uagb-block-efe2e076 alignfull uagb-is-root-container\"><div class=\"uagb-container-inner-blocks-wrap\">\n<div class=\"wp-block-uagb-advanced-heading uagb-block-d9bacab3\"><p class=\"uagb-desc-text\">RENCONTREZ LES FONDATRICES<\/p><h2 class=\"uagb-heading-text\">NOTRE EXPERTISE A VOTRE DISPOSITION<\/h2><\/div>\n\n\n\n<div class=\"wp-block-uagb-container uagb-block-ec9767ea\">\n<div class=\"wp-block-uagb-info-box uagb-block-264e1314 uagb-infobox__content-wrap  uagb-infobox-icon-above-title uagb-infobox-image-valign-top\"><div class=\"uagb-ifb-content\"><div class=\"uagb-ifb-image-content\"><img decoding=\"async\" src=\"http:\/\/hestia-homecare.com\/wp-content\/uploads\/2023\/06\/1671805127607-300x300.jpeg\" alt=\"\" width=\"300\" height=\"300\" loading=\"lazy\"\/><\/div><div class=\"uagb-ifb-title-wrap\"><h5 class=\"uagb-ifb-title\"><strong>Sephora<\/strong><\/h5><\/div><p class=\"uagb-ifb-desc\">Depuis 10 ans au service des clients<br><\/p><div class=\"uagb-ifb-button-wrapper wp-block-button\"><a href=\"http:\/\/hestia-homecare.com\/index.php\/about\/\" class=\"uagb-infobox-cta-link wp-block-button__link\" target=\"_self\" rel=\"noopener noreferrer\" onclick=\"return true;\" alt=\"\"><span class=\"uagb-inline-editing\">En savoir plus <\/span><\/a><\/div><\/div><\/div>\n\n\n\n<div class=\"wp-block-uagb-info-box uagb-block-61344823 uagb-infobox__content-wrap  uagb-infobox-icon-above-title uagb-infobox-image-valign-top\"><div class=\"uagb-ifb-content\"><div class=\"uagb-ifb-image-content\"><img decoding=\"async\" src=\"http:\/\/hestia-homecare.com\/wp-content\/uploads\/2024\/05\/photo-marion-2-235x300.jpg\" alt=\"\" width=\"235\" height=\"300\" loading=\"lazy\"\/><\/div><div class=\"uagb-ifb-title-wrap\"><h5 class=\"uagb-ifb-title\">Marion <\/h5><\/div><p class=\"uagb-ifb-desc\">Depuis 10 ans \u00e0 l&rsquo;\u00e9coute des besoins de mes interlocuteurs<br><\/p><div class=\"uagb-ifb-button-wrapper wp-block-button\"><a href=\"http:\/\/hestia-homecare.com\/index.php\/about\/\" class=\"uagb-infobox-cta-link wp-block-button__link\" target=\"_self\" rel=\"noopener noreferrer\" onclick=\"return true;\" alt=\"\"><span class=\"uagb-inline-editing\">En savoir plus<\/span><\/a><\/div><\/div><\/div>\n<\/div>\n<\/div><\/div>\n\n\n\n<div class=\"wp-block-uagb-container uagb-block-c4e15c77 alignfull uagb-is-root-container\"><div class=\"uagb-container-inner-blocks-wrap\">\n<div class=\"wp-block-uagb-advanced-heading uagb-block-d3d71983\"><h6 class=\"uagb-heading-text\">CE QUE DISENT NOS CLIENTS <\/h6><\/div>\n\n\n\n<div class=\"wp-block-uagb-container uagb-block-fa0edad5\">\n<div class=\"wp-block-uagb-container uagb-block-2fa8172e\">\n<div class=\"wp-block-uagb-image uagb-block-f77133ba wp-block-uagb-image--layout-default wp-block-uagb-image--effect-static wp-block-uagb-image--align-none\"><figure class=\"wp-block-uagb-image__figure\"><img decoding=\"async\" srcset=\"https:\/\/hestia-homecare.com\/wp-content\/uploads\/2023\/06\/iStock-1387644817.jpg \" sizes=\"auto, (max-width: 480px) 150px\" src=\"https:\/\/hestia-homecare.com\/wp-content\/uploads\/2023\/06\/iStock-1387644817.jpg\" alt=\"\" class=\"uag-image-2640\" width=\"717\" height=\"836\" title=\"\" loading=\"lazy\"\/><\/figure><\/div>\n<\/div>\n\n\n\n<div class=\"wp-block-uagb-container uagb-block-0241a8e9\">\n<div class=\"wp-block-uagb-info-box uagb-block-6d0e4017 uagb-infobox__content-wrap  uagb-infobox-icon-above-title uagb-infobox-image-valign-top\"><div class=\"uagb-ifb-content\"><div class=\"uagb-ifb-icon-wrap\"><svg xmlns=\"https:\/\/www.w3.org\/2000\/svg\" viewBox=\"0 0 448 512\"><path d=\"M96 224C84.72 224 74.05 226.3 64 229.9V224c0-35.3 28.7-64 64-64c17.67 0 32-14.33 32-32S145.7 96 128 96C57.42 96 0 153.4 0 224v96c0 53.02 42.98 96 96 96s96-42.98 96-96S149 224 96 224zM352 224c-11.28 0-21.95 2.305-32 5.879V224c0-35.3 28.7-64 64-64c17.67 0 32-14.33 32-32s-14.33-32-32-32c-70.58 0-128 57.42-128 128v96c0 53.02 42.98 96 96 96s96-42.98 96-96S405 224 352 224z\"><\/path><\/svg><\/div><div class=\"uagb-ifb-title-wrap\"><p class=\"uagb-ifb-title\">J&rsquo;ai confi\u00e9 ma maison \u00e0 Hestia depuis quelques mois d\u00e9j\u00e0. Juste parfait. Tr\u00e8s belle collaboration avec Marion et Sephora. Les prestations sont \u00e0 la hauteur des attentes. Tr\u00e8s grande disponibilit\u00e9 et r\u00e9activit\u00e9, y compris certains dimanches. Les \u00e9changes sont fluides et de qualit\u00e9. Si vous \u00eates \u00e0 la recherche d&rsquo;une conciergerie fiable et de qualit\u00e9, n&rsquo;h\u00e9sitez plus. Je recommande sans r\u00e9serve!<\/p><\/div><p class=\"uagb-ifb-desc\">Amina Blanc &#8211; Propri\u00e9taire d\u2019une maison <\/p><\/div><\/div>\n<\/div>\n<\/div>\n<\/div><\/div>\n\n\n\n<div class=\"wp-block-uagb-container uagb-block-b84431d3 alignwide uagb-is-root-container\">\n<div class=\"wp-block-uagb-info-box uagb-block-eb0cfeda uagb-infobox__content-wrap  uagb-infobox-icon-above-title uagb-infobox-image-valign-top\"><div class=\"uagb-ifb-content\"><div class=\"uagb-ifb-title-wrap\"><h1 class=\"uagb-ifb-title\">Plus qu\u2019une simple conciergerie<\/h1><\/div><p class=\"uagb-ifb-desc\">Un accompagnement et une expertise \u00e0 votre disposition.<br><a href=\"https:\/\/calendly.com\/gauveletm\/30min?month=2023-06\"><\/a><\/p><div class=\"uagb-ifb-button-wrapper wp-block-button\"><a href=\"https:\/\/calendly.com\/hestia_conciergerie\/decouverte\" class=\"uagb-infobox-cta-link wp-block-button__link\" target=\"_self\" rel=\"noopener noreferrer\" onclick=\"return true;\" alt=\"\"><span class=\"uagb-inline-editing\">Prendre rendez-vous<\/span><\/a><\/div><\/div><\/div>\n<\/div>\n","protected":false},"excerpt":{"rendered":"<p>5 sur Google Investissement immo Comment Optimiser votre investissement immobilier ? Vous souhaitez l&rsquo;avis d&rsquo;un expert pour vous guider dans votre choix ? RENCONTREZ LES FONDATRICES NOTRE EXPERTISE A VOTRE DISPOSITION CE QUE DISENT NOS CLIENTS<\/p>\n","protected":false},"author":1,"featured_media":2649,"parent":0,"menu_order":0,"comment_status":"closed","ping_status":"closed","template":"","meta":{"_uag_custom_page_level_css":"","_monsterinsights_skip_tracking":false,"_monsterinsights_sitenote_active":false,"_monsterinsights_sitenote_note":"","_monsterinsights_sitenote_category":0,"site-sidebar-layout":"no-sidebar","site-content-layout":"page-builder","ast-global-header-display":"","ast-banner-title-visibility":"","ast-main-header-display":"","ast-hfb-above-header-display":"","ast-hfb-below-header-display":"","ast-hfb-mobile-header-display":"","site-post-title":"disabled","ast-breadcrumbs-content":"","ast-featured-img":"disabled","footer-sml-layout":"","theme-transparent-header-meta":"enabled","adv-header-id-meta":"","stick-header-meta":"","header-above-stick-meta":"","header-main-stick-meta":"","header-below-stick-meta":"","footnotes":""},"class_list":["post-1390","page","type-page","status-publish","has-post-thumbnail","hentry"],"uagb_featured_image_src":{"full":["https:\/\/hestia-homecare.com\/wp-content\/uploads\/2023\/06\/iStock-903312774.jpg",2121,1414,false],"thumbnail":["https:\/\/hestia-homecare.com\/wp-content\/uploads\/2023\/06\/iStock-903312774-150x150.jpg",150,150,true],"medium":["https:\/\/hestia-homecare.com\/wp-content\/uploads\/2023\/06\/iStock-903312774-300x200.jpg",300,200,true],"medium_large":["https:\/\/hestia-homecare.com\/wp-content\/uploads\/2023\/06\/iStock-903312774-768x512.jpg",768,512,true],"large":["https:\/\/hestia-homecare.com\/wp-content\/uploads\/2023\/06\/iStock-903312774-1024x683.jpg",1024,683,true],"1536x1536":["https:\/\/hestia-homecare.com\/wp-content\/uploads\/2023\/06\/iStock-903312774-1536x1024.jpg",1536,1024,true],"2048x2048":["https:\/\/hestia-homecare.com\/wp-content\/uploads\/2023\/06\/iStock-903312774-2048x1365.jpg",2048,1365,true],"woocommerce_thumbnail":["https:\/\/hestia-homecare.com\/wp-content\/uploads\/2023\/06\/iStock-903312774-300x300.jpg",300,300,true],"woocommerce_single":["https:\/\/hestia-homecare.com\/wp-content\/uploads\/2023\/06\/iStock-903312774-600x400.jpg",600,400,true],"woocommerce_gallery_thumbnail":["https:\/\/hestia-homecare.com\/wp-content\/uploads\/2023\/06\/iStock-903312774-100x100.jpg",100,100,true]},"uagb_author_info":{"display_name":"admin7849","author_link":"https:\/\/hestia-homecare.com\/index.php\/author\/admin7849\/"},"uagb_comment_info":0,"uagb_excerpt":"5 sur Google Investissement immo Comment Optimiser votre investissement immobilier ? Vous souhaitez l&rsquo;avis d&rsquo;un expert pour vous guider dans votre choix ? RENCONTREZ LES FONDATRICES NOTRE EXPERTISE A VOTRE DISPOSITION CE QUE DISENT NOS CLIENTS","_links":{"self":[{"href":"https:\/\/hestia-homecare.com\/index.php\/wp-json\/wp\/v2\/pages\/1390","targetHints":{"allow":["GET"]}}],"collection":[{"href":"https:\/\/hestia-homecare.com\/index.php\/wp-json\/wp\/v2\/pages"}],"about":[{"href":"https:\/\/hestia-homecare.com\/index.php\/wp-json\/wp\/v2\/types\/page"}],"author":[{"embeddable":true,"href":"https:\/\/hestia-homecare.com\/index.php\/wp-json\/wp\/v2\/users\/1"}],"replies":[{"embeddable":true,"href":"https:\/\/hestia-homecare.com\/index.php\/wp-json\/wp\/v2\/comments?post=1390"}],"version-history":[{"count":52,"href":"https:\/\/hestia-homecare.com\/index.php\/wp-json\/wp\/v2\/pages\/1390\/revisions"}],"predecessor-version":[{"id":3352,"href":"https:\/\/hestia-homecare.com\/index.php\/wp-json\/wp\/v2\/pages\/1390\/revisions\/3352"}],"wp:featuredmedia":[{"embeddable":true,"href":"https:\/\/hestia-homecare.com\/index.php\/wp-json\/wp\/v2\/media\/2649"}],"wp:attachment":[{"href":"https:\/\/hestia-homecare.com\/index.php\/wp-json\/wp\/v2\/media?parent=1390"}],"curies":[{"name":"wp","href":"https:\/\/api.w.org\/{rel}","templated":true}]}}